{"id":3947,"date":"2024-03-08T20:20:27","date_gmt":"2024-03-08T19:20:27","guid":{"rendered":"https:\/\/indusall.be\/?page_id=3947"},"modified":"2024-03-10T20:31:32","modified_gmt":"2024-03-10T19:31:32","slug":"accueil","status":"publish","type":"page","link":"https:\/\/indusall.be\/","title":{"rendered":"Accueil"},"content":{"rendered":"<div class=\"wpb-content-wrapper\"><p>[vc_row full_width=\u00a0\u00bbstretch_row_content_no_spaces\u00a0\u00bb][vc_column][rev_slider_vc alias=\u00a0\u00bbslider-4-1&Prime;][\/vc_column][\/vc_row][vc_row css=\u00a0\u00bb.vc_custom_1509002400848{background-color: #f2f2f2 !important;}\u00a0\u00bb][vc_column]<div class=\"mf-empty-space \" style=\"\"><div class=\"mf_empty_space_lg\"  style=\"height: 80px\"><\/div><div class=\"mf_empty_space_md\"  style=\"height: 50px\"><\/div><div class=\"mf_empty_space_xs\"  style=\"height: 50px\"><\/div><\/div>[vc_row_inner][vc_column_inner offset=\u00a0\u00bbvc_col-lg-3 vc_col-md-12&Prime;]<div class=\"mf-section-title text-left dark large-size \"><h3 class=\"main-color\">Bienvenue \u00e0<\/h3><h2 >Indusall<\/h2><\/div><div class=\"mf-empty-space \" style=\"\"><div class=\"mf_empty_space_lg\"  style=\"height: 45px\"><\/div><div class=\"mf_empty_space_md\"  style=\"height: 45px\"><\/div><div class=\"mf_empty_space_xs\"  style=\"height: 45px\"><\/div><\/div>[vc_column_text]Bienvenue sur notre site internet, la vitrine num\u00e9rique de notre entreprise de maintenance industrielle sp\u00e9cialis\u00e9e dans l&rsquo;am\u00e9lioration des syst\u00e8mes de maintenance. Chez nous, l&rsquo;expertise se traduit tant au niveau du management que sur le terrain, visant \u00e0 optimiser chaque aspect de votre processus de maintenance.<\/p>\n<p>En tant que professionnels de la maintenance industrielle, notre engagement est double. D&rsquo;une part, nous nous positionnons en tant qu&rsquo;autorit\u00e9 dans le domaine du management de la maintenance, offrant des solutions personnalis\u00e9es pour am\u00e9liorer l&rsquo;efficacit\u00e9, r\u00e9duire les co\u00fbts et maximiser la dur\u00e9e de vie de vos \u00e9quipements.[\/vc_column_text]<div class=\"mf-empty-space \" style=\"\"><div class=\"mf_empty_space_lg\"  style=\"height: 80px\"><\/div><div class=\"mf_empty_space_md\"  style=\"height: 50px\"><\/div><div class=\"mf_empty_space_xs\"  style=\"height: 50px\"><\/div><\/div>[\/vc_column_inner][vc_column_inner offset=\u00a0\u00bbvc_col-lg-9 vc_col-md-12&Prime;]<div class=\"mf-services-3 style-2 \">\n                <div class=\"services-list clearfix\"><div class=\"vc_service-wrapper \"><span class=\"mf-icon\"><i class=\"flaticon-engineer\"><\/i><\/span><h3><span title=\"We are Professional\">Optimisation Op\u00e9rationnelle<\/span><\/h3><div class=\"desc\">L'am\u00e9lioration des processus de maintenance, du management et des op\u00e9rations sur le terrain. Accroissement de l'efficacit\u00e9 globale de l'entreprise.<\/div><\/div><div class=\"vc_service-wrapper \"><span class=\"mf-icon\"><i class=\"flaticon-signs\"><\/i><\/span><h3><span title=\"Licensed &amp; Insured\">Formation & D\u00e9veloppement<\/span><\/h3><div class=\"desc\">La formation du personnel, aux programmes de d\u00e9veloppement professionnel et aux initiatives visant \u00e0 renforcer les comp\u00e9tences n\u00e9cessaires pour une maintenance industrielle performante<\/div><\/div><div class=\"vc_service-wrapper \"><span class=\"mf-icon\"><i class=\"flaticon-landscape\"><\/i><\/span><h3><span title=\"Number 1 Company\">Innovation Technologique<\/span><\/h3><div class=\"desc\">L'int\u00e9gration de nouvelles technologies, la mise en \u0153uvre de solutions num\u00e9riques et l'adoption de dispositifs innovants pour am\u00e9liorer la fiabilit\u00e9 et l'efficacit\u00e9 des op\u00e9rations de maintenance<\/div><\/div><\/div>\n            <\/div><div class=\"mf-empty-space \" style=\"\"><div class=\"mf_empty_space_lg\"  style=\"height: 80px\"><\/div><div class=\"mf_empty_space_md\"  style=\"height: 50px\"><\/div><div class=\"mf_empty_space_xs\"  style=\"height: 50px\"><\/div><\/div>[\/vc_column_inner][\/vc_row_inner][\/vc_column][\/vc_row][vc_row][vc_column]<div class=\"mf-empty-space \" style=\"\"><div class=\"mf_empty_space_lg\"  style=\"height: 80px\"><\/div><div class=\"mf_empty_space_md\"  style=\"height: 50px\"><\/div><div class=\"mf_empty_space_xs\"  style=\"height: 50px\"><\/div><\/div><div class=\"mf-section-title text-center dark large-size \"><h2 >Secteurs d'activit\u00e9<\/h2><\/div><div class=\"mf-empty-space \" style=\"\"><div class=\"mf_empty_space_lg\"  style=\"height: 50px\"><\/div><div class=\"mf_empty_space_md\"  style=\"height: 30px\"><\/div><div class=\"mf_empty_space_xs\"  style=\"height: 30px\"><\/div><\/div>[vc_row_inner][vc_column_inner width=\u00a0\u00bb1\/2&Prime; offset=\u00a0\u00bbvc_col-lg-4 vc_col-md-4 vc_col-xs-12&Prime;]<div class=\"mf-services-2 icon_type-fontawesome style-4 \"><div class=\"service-thumbnail\"><a href=\"\"><span class=\"service-icon\"><i class=\"fa fa-link\"><\/i><\/span><img decoding=\"async\" class=\"\" src=\"https:\/\/indusall.be\/wp-content\/uploads\/2024\/03\/Production-automobile-370x200.jpg\" width=\"370\" height=\"200\" alt=\"Production automobile\" title=\"Production automobile\" loading=\"lazy\" \/><span class=\"mf-icon\"><i class=\"fa fa-adjust\"><\/i><\/span><\/a><\/div><div class=\"service-summary\"><h4><span title=\"Power and Energy\" target=\"_blank\">Production Automobile<\/span><\/h4><div class=\"service-desc\">Dans la production automobile, la maintenance est essentielle, garantissant la fiabilit\u00e9 des lignes de fabrication. Chaque composant pr\u00e9cis\u00e9ment assembl\u00e9 refl\u00e8te notre engagement envers une conduite s\u00fbre et fiable<\/div><\/div><\/div><div class=\"mf-empty-space \" style=\"\"><div class=\"mf_empty_space_lg\"  style=\"height: 35px\"><\/div><div class=\"mf_empty_space_md\"  style=\"height: 35px\"><\/div><div class=\"mf_empty_space_xs\"  style=\"height: 35px\"><\/div><\/div><div class=\"mf-services-2 icon_type-fontawesome style-4 \"><div class=\"service-thumbnail\"><a href=\"\"><span class=\"service-icon\"><i class=\"fa fa-link\"><\/i><\/span><img decoding=\"async\" class=\"\" src=\"https:\/\/indusall.be\/wp-content\/uploads\/2017\/10\/service4.jpg\" width=\"370\" height=\"200\" alt=\"service4\" title=\"service4\" loading=\"lazy\" \/><span class=\"mf-icon\"><i class=\"fa fa-adjust\"><\/i><\/span><\/a><\/div><div class=\"service-summary\"><h4><span title=\"Aero Space Services\" rel=\"nofollow\">Secteur de l'aviation<\/span><\/h4><div class=\"service-desc\">Dans le secteur de production des composants d&rsquo;avions, la maintenance est l&rsquo;\u00e9pine dorsale assurant la fiabilit\u00e9 a\u00e9rospatiale, o\u00f9 la pr\u00e9cision et la vigilance s&rsquo;entrelacent. Chaque intervention fa\u00e7onne des pi\u00e8ces non seulement cruciales pour la machine volante, mais aussi pour la confiance que l&rsquo;homme place dans chaque voyage a\u00e9rien, \u00e9rigeant ainsi la s\u00e9curit\u00e9 au c\u0153ur m\u00eame de la consommation humaine du produit.<\/div><\/div><\/div><div class=\"mf-empty-space \" style=\"\"><div class=\"mf_empty_space_lg\"  style=\"height: 80px\"><\/div><div class=\"mf_empty_space_md\"  style=\"height: 50px\"><\/div><div class=\"mf_empty_space_xs\"  style=\"height: 50px\"><\/div><\/div>[\/vc_column_inner][vc_column_inner width=\u00a0\u00bb1\/2&Prime; offset=\u00a0\u00bbvc_col-lg-4 vc_col-md-4 vc_col-xs-12&Prime;]<div class=\"mf-services-2 icon_type-fontawesome style-4 \"><div class=\"service-thumbnail\"><a href=\"\"><span class=\"service-icon\"><i class=\"fa fa-link\"><\/i><\/span><img decoding=\"async\" class=\"\" src=\"https:\/\/indusall.be\/wp-content\/uploads\/2024\/03\/Pharmaceutique-370x200.jpeg\" width=\"370\" height=\"200\" alt=\"Pharmaceutique\" title=\"Pharmaceutique\" loading=\"lazy\" \/><span class=\"mf-icon\"><i class=\"fa fa-adjust\"><\/i><\/span><\/a><\/div><div class=\"service-summary\"><h4><span rel=\"nofollow\" title=\"\">Production Pharmaceutique<\/span><\/h4><div class=\"service-desc\">Dans le secteur pharmaceutique, la maintenance rev\u00eat une importance cruciale, assurant la fiabilit\u00e9 des \u00e9quipements pour une production ininterrompue, car derri\u00e8re chaque dosage pr\u00e9cis se cache la confiance et la s\u00e9curit\u00e9 de la consommation humaine<\/div><\/div><\/div><div class=\"mf-empty-space \" style=\"\"><div class=\"mf_empty_space_lg\"  style=\"height: 35px\"><\/div><div class=\"mf_empty_space_md\"  style=\"height: 35px\"><\/div><div class=\"mf_empty_space_xs\"  style=\"height: 35px\"><\/div><\/div><div class=\"mf-services-2 icon_type-fontawesome style-4 \"><div class=\"service-thumbnail\"><a href=\"\"><span class=\"service-icon\"><i class=\"fa fa-link\"><\/i><\/span><img decoding=\"async\" class=\"\" src=\"https:\/\/indusall.be\/wp-content\/uploads\/2024\/03\/Chimique-370x200.jpg\" width=\"370\" height=\"200\" alt=\"Chimique\" title=\"Chimique\" loading=\"lazy\" \/><span class=\"mf-icon\"><i class=\"fa fa-adjust\"><\/i><\/span><\/a><\/div><div class=\"service-summary\"><h4><span title=\"Automative System\" rel=\"nofollow\">Secteur Chimique<\/span><\/h4><div class=\"service-desc\">Dans le secteur de production chimique, la maintenance devient le rempart de la fiabilit\u00e9, o\u00f9 la s\u00e9curit\u00e9 et les inspections l\u00e9gales des moyens de production se m\u00ealent harmonieusement pour assurer une exploitation robuste et conforme aux normes les plus strictes.<\/div><\/div><\/div><div class=\"mf-empty-space \" style=\"\"><div class=\"mf_empty_space_lg\"  style=\"height: 80px\"><\/div><div class=\"mf_empty_space_md\"  style=\"height: 50px\"><\/div><div class=\"mf_empty_space_xs\"  style=\"height: 50px\"><\/div><\/div>[\/vc_column_inner][vc_column_inner offset=\u00a0\u00bbvc_col-lg-4 vc_col-md-4 vc_col-xs-12&Prime;]<div class=\"mf-contact-form-7 form-light \" style=\"background-color:#f2f2f2; padding-top: 40px; padding-right: 30px; padding-bottom: 20px; padding-left: 30px;\"><div class=\"mf-section-title text-left dark medium-size \"><h2 >Demande de Contact<\/h2><\/div>\n<div class=\"wpcf7 no-js\" id=\"wpcf7-f4018-o1\" lang=\"en-US\" dir=\"ltr\">\n<div class=\"screen-reader-response\"><p role=\"status\" aria-live=\"polite\" aria-atomic=\"true\"><\/p> <ul><\/ul><\/div>\n<form action=\"\/index.php\/wp-json\/wp\/v2\/pages\/3947#wpcf7-f4018-o1\" method=\"post\" class=\"wpcf7-form init\" aria-label=\"Contact form\" novalidate=\"novalidate\" data-status=\"init\">\n<div style=\"display: none;\">\n<input type=\"hidden\" name=\"_wpcf7\" value=\"4018\" \/>\n<input type=\"hidden\" name=\"_wpcf7_version\" value=\"5.9.6\" \/>\n<input type=\"hidden\" name=\"_wpcf7_locale\" value=\"en_US\" \/>\n<input type=\"hidden\" name=\"_wpcf7_unit_tag\" value=\"wpcf7-f4018-o1\" \/>\n<input type=\"hidden\" name=\"_wpcf7_container_post\" value=\"0\" \/>\n<input type=\"hidden\" name=\"_wpcf7_posted_data_hash\" value=\"\" \/>\n<\/div>\n<div class=\"mf-form mf-form-5\">\n\t<h4 style=\"margin-top: 0;\">Ecrivez votre message\n\t<\/h4>\n\t<p><span class=\"wpcf7-form-control-wrap\" data-name=\"menu-67\"><select class=\"wpcf7-form-control wpcf7-select\" aria-invalid=\"false\" name=\"menu-67\"><option value=\"Choisissez\">Choisissez<\/option><option value=\"Demande d&#039;information\">Demande d&#039;information<\/option><option value=\"Demande de contact\">Demande de contact<\/option><\/select><\/span>\n\t<\/p>\n\t<p><span class=\"wpcf7-form-control-wrap\" data-name=\"your-name\"><input size=\"40\" maxlength=\"80\" class=\"wpcf7-form-control wpcf7-text wpcf7-validates-as-required\" aria-required=\"true\" aria-invalid=\"false\" placeholder=\"Votre nom\" value=\"\" type=\"text\" name=\"your-name\" \/><\/span>\n\t<\/p>\n\t<p><span class=\"wpcf7-form-control-wrap\" data-name=\"your-email\"><input size=\"40\" maxlength=\"80\" class=\"wpcf7-form-control wpcf7-email wpcf7-validates-as-required wpcf7-text wpcf7-validates-as-email\" aria-required=\"true\" aria-invalid=\"false\" placeholder=\"Addresse Email\" value=\"\" type=\"email\" name=\"your-email\" \/><\/span>\n\t<\/p>\n\t<p><span class=\"wpcf7-form-control-wrap\" data-name=\"message\"><textarea cols=\"40\" rows=\"10\" maxlength=\"400\" class=\"wpcf7-form-control wpcf7-textarea\" aria-invalid=\"false\" placeholder=\"Votre Message\" name=\"message\"><\/textarea><\/span>\n\t<\/p>\n\t<p><input class=\"wpcf7-form-control wpcf7-submit has-spinner\" type=\"submit\" value=\"Envoyer\" \/>\n\t<\/p>\n<\/div><div class=\"wpcf7-response-output\" aria-hidden=\"true\"><\/div>\n<\/form>\n<\/div>\n<\/div><div class=\"mf-empty-space \" style=\"\"><div class=\"mf_empty_space_lg\"  style=\"height: 80px\"><\/div><div class=\"mf_empty_space_md\"  style=\"height: 50px\"><\/div><div class=\"mf_empty_space_xs\"  style=\"height: 50px\"><\/div><\/div>[\/vc_column_inner][\/vc_row_inner][\/vc_column][\/vc_row][vc_row][vc_column]<div class=\"mf-empty-space \" style=\"\"><div class=\"mf_empty_space_lg\"  style=\"height: 80px\"><\/div><div class=\"mf_empty_space_md\"  style=\"height: 50px\"><\/div><div class=\"mf_empty_space_xs\"  style=\"height: 50px\"><\/div><\/div><div class=\"mf-empty-space \" style=\"\"><div class=\"mf_empty_space_lg\"  style=\"height: 80px\"><\/div><div class=\"mf_empty_space_md\"  style=\"height: 50px\"><\/div><div class=\"mf_empty_space_xs\"  style=\"height: 50px\"><\/div><\/div>[\/vc_column][\/vc_row][vc_row][vc_column]<div class=\"mf-empty-space \" style=\"\"><div class=\"mf_empty_space_lg\"  style=\"height: 80px\"><\/div><div class=\"mf_empty_space_md\"  style=\"height: 50px\"><\/div><div class=\"mf_empty_space_xs\"  style=\"height: 50px\"><\/div><\/div>[vc_column_text]<\/p>\n<div class=\"text-center\" style=\"font-size: 26px; font-weight: 500; color: #393939;\">Diversit\u00e9 sectorielle, m\u00eame objectif : Excellence op\u00e9rationnelle, Co\u00fbts de maintenance optimis\u00e9s<\/div>\n<p>[\/vc_column_text]<div class=\"mf-empty-space \" style=\"\"><div class=\"mf_empty_space_lg\"  style=\"height: 45px\"><\/div><div class=\"mf_empty_space_md\"  style=\"height: 45px\"><\/div><div class=\"mf_empty_space_xs\"  style=\"height: 45px\"><\/div><\/div><div class=\"mf-partner clearfix carousel-type \" data-columns=\"4\">\n\t\t\t\t<div class=\"list-item owl-carousel\"><div class=\"partner-item \">\n\t\t\t\t\t\t\t<a  target=\"_blank\" ><img loading=\"lazy\" decoding=\"async\" width=\"200\" height=\"172\" src=\"https:\/\/indusall.be\/wp-content\/uploads\/2024\/03\/logo-renault.png\" class=\"attachment-5X5 size-5X5\" alt=\"\" \/><\/a>\n\t\t\t\t\t\t<\/div><div class=\"partner-item \">\n\t\t\t\t\t\t\t<a  target=\"_blank\" ><img loading=\"lazy\" decoding=\"async\" width=\"200\" height=\"172\" src=\"https:\/\/indusall.be\/wp-content\/uploads\/2024\/03\/logo-gsk.png\" class=\"attachment-5X5 size-5X5\" alt=\"\" \/><\/a>\n\t\t\t\t\t\t<\/div><div class=\"partner-item \">\n\t\t\t\t\t\t\t<a  target=\"_blank\" ><img loading=\"lazy\" decoding=\"async\" width=\"200\" height=\"172\" src=\"https:\/\/indusall.be\/wp-content\/uploads\/2024\/03\/logo-hyundai.png\" class=\"attachment-5X5 size-5X5\" alt=\"\" \/><\/a>\n\t\t\t\t\t\t<\/div><div class=\"partner-item \">\n\t\t\t\t\t\t\t<a  target=\"_blank\" ><img loading=\"lazy\" decoding=\"async\" width=\"200\" height=\"172\" src=\"https:\/\/indusall.be\/wp-content\/uploads\/2024\/03\/logo-bridgestone.png\" class=\"attachment-5X5 size-5X5\" alt=\"\" \/><\/a>\n\t\t\t\t\t\t<\/div><div class=\"partner-item \">\n\t\t\t\t\t\t\t<a  target=\"_blank\" ><img loading=\"lazy\" decoding=\"async\" width=\"200\" height=\"172\" src=\"https:\/\/indusall.be\/wp-content\/uploads\/2024\/03\/logo-AGC.png\" class=\"attachment-5X5 size-5X5\" alt=\"\" \/><\/a>\n\t\t\t\t\t\t<\/div><div class=\"partner-item \">\n\t\t\t\t\t\t\t<a  target=\"_blank\" ><img loading=\"lazy\" decoding=\"async\" width=\"200\" height=\"172\" src=\"https:\/\/indusall.be\/wp-content\/uploads\/2024\/03\/logo-abb.png\" class=\"attachment-5X5 size-5X5\" alt=\"\" \/><\/a>\n\t\t\t\t\t\t<\/div><\/div>\n\t\t\t<\/div><div class=\"mf-empty-space \" style=\"\"><div class=\"mf_empty_space_lg\"  style=\"height: 80px\"><\/div><div class=\"mf_empty_space_md\"  style=\"height: 50px\"><\/div><div class=\"mf_empty_space_xs\"  style=\"height: 50px\"><\/div><\/div>[\/vc_column][\/vc_row]<\/p>\n<\/div>","protected":false},"excerpt":{"rendered":"<p>[vc_row full_width=\u00a0\u00bbstretch_row_content_no_spaces\u00a0\u00bb][vc_column][rev_slider_vc alias=\u00a0\u00bbslider-4-1&Prime;][\/vc_column][\/vc_row][vc_row css=\u00a0\u00bb.vc_custom_1509002400848{background-color: #f2f2f2 !important;}\u00a0\u00bb][vc_column][vc_row_inner][vc_column_inner offset=\u00a0\u00bbvc_col-lg-3 vc_col-md-12&Prime;][vc_column_text]Bienvenue sur notre site internet, la vitrine num\u00e9rique de notre entreprise de maintenance industrielle sp\u00e9cialis\u00e9e dans l&rsquo;am\u00e9lioration des syst\u00e8mes de maintenance. Chez nous, l&rsquo;expertise se traduit tant au niveau du management que sur le terrain, visant \u00e0 optimiser chaque aspect de votre processus de maintenance. En tant que [&hellip;]<\/p>\n","protected":false},"author":1,"featured_media":0,"parent":0,"menu_order":0,"comment_status":"closed","ping_status":"closed","template":"template-homepage.php","meta":{"footnotes":""},"yoast_head":"<!-- This site is optimized with the Yoast SEO plugin v23.0 - https:\/\/yoast.com\/wordpress\/plugins\/seo\/ -->\n<title>Accueil - INDUSALL - Maintenance Solutions<\/title>\n<meta name=\"robots\" content=\"index, follow, max-snippet:-1, max-image-preview:large, max-video-preview:-1\" \/>\n<link rel=\"canonical\" href=\"https:\/\/indusall.be\/\" \/>\n<meta property=\"og:locale\" content=\"fr_FR\" \/>\n<meta property=\"og:type\" content=\"article\" \/>\n<meta property=\"og:title\" content=\"Accueil - INDUSALL - Maintenance Solutions\" \/>\n<meta property=\"og:description\" content=\"[vc_row full_width=\u00a0\u00bbstretch_row_content_no_spaces\u00a0\u00bb][vc_column][rev_slider_vc alias=\u00a0\u00bbslider-4-1&Prime;][\/vc_column][\/vc_row][vc_row css=\u00a0\u00bb.vc_custom_1509002400848{background-color: #f2f2f2 !important;}\u00a0\u00bb][vc_column][vc_row_inner][vc_column_inner offset=\u00a0\u00bbvc_col-lg-3 vc_col-md-12&Prime;][vc_column_text]Bienvenue sur notre site internet, la vitrine num\u00e9rique de notre entreprise de maintenance industrielle sp\u00e9cialis\u00e9e dans l&rsquo;am\u00e9lioration des syst\u00e8mes de maintenance. Chez nous, l&rsquo;expertise se traduit tant au niveau du management que sur le terrain, visant \u00e0 optimiser chaque aspect de votre processus de maintenance. En tant que [&hellip;]\" \/>\n<meta property=\"og:url\" content=\"https:\/\/indusall.be\/\" \/>\n<meta property=\"og:site_name\" content=\"INDUSALL - Maintenance Solutions\" \/>\n<meta property=\"article:publisher\" content=\"https:\/\/www.facebook.com\/IndusallBE\/\" \/>\n<meta property=\"article:modified_time\" content=\"2024-03-10T19:31:32+00:00\" \/>\n<meta property=\"og:image\" content=\"https:\/\/indusall.be\/wp-content\/uploads\/2024\/03\/logo.png\" \/>\n\t<meta property=\"og:image:width\" content=\"475\" \/>\n\t<meta property=\"og:image:height\" content=\"160\" \/>\n\t<meta property=\"og:image:type\" content=\"image\/png\" \/>\n<meta name=\"twitter:card\" content=\"summary_large_image\" \/>\n<meta name=\"twitter:label1\" content=\"Dur\u00e9e de lecture estim\u00e9e\" \/>\n\t<meta name=\"twitter:data1\" content=\"2 minutes\" \/>\n<script type=\"application\/ld+json\" class=\"yoast-schema-graph\">{\"@context\":\"https:\/\/schema.org\",\"@graph\":[{\"@type\":\"WebPage\",\"@id\":\"https:\/\/indusall.be\/\",\"url\":\"https:\/\/indusall.be\/\",\"name\":\"Accueil - INDUSALL - Maintenance Solutions\",\"isPartOf\":{\"@id\":\"https:\/\/indusall.be\/#website\"},\"datePublished\":\"2024-03-08T19:20:27+00:00\",\"dateModified\":\"2024-03-10T19:31:32+00:00\",\"breadcrumb\":{\"@id\":\"https:\/\/indusall.be\/#breadcrumb\"},\"inLanguage\":\"fr-FR\",\"potentialAction\":[{\"@type\":\"ReadAction\",\"target\":[\"https:\/\/indusall.be\/\"]}]},{\"@type\":\"BreadcrumbList\",\"@id\":\"https:\/\/indusall.be\/#breadcrumb\",\"itemListElement\":[{\"@type\":\"ListItem\",\"position\":1,\"name\":\"Accueil\",\"item\":\"https:\/\/indusall.be\/\"},{\"@type\":\"ListItem\",\"position\":2,\"name\":\"Accueil\"}]},{\"@type\":\"WebSite\",\"@id\":\"https:\/\/indusall.be\/#website\",\"url\":\"https:\/\/indusall.be\/\",\"name\":\"INDUSALL - Maintenance Solutions\",\"description\":\"Maintenance Excellence\",\"publisher\":{\"@id\":\"https:\/\/indusall.be\/#organization\"},\"alternateName\":\"Indusall - Consultance de Miantenance\",\"potentialAction\":[{\"@type\":\"SearchAction\",\"target\":{\"@type\":\"EntryPoint\",\"urlTemplate\":\"https:\/\/indusall.be\/?s={search_term_string}\"},\"query-input\":\"required name=search_term_string\"}],\"inLanguage\":\"fr-FR\"},{\"@type\":\"Organization\",\"@id\":\"https:\/\/indusall.be\/#organization\",\"name\":\"INDUSALL - Maintenance Solutions\",\"url\":\"https:\/\/indusall.be\/\",\"logo\":{\"@type\":\"ImageObject\",\"inLanguage\":\"fr-FR\",\"@id\":\"https:\/\/indusall.be\/#\/schema\/logo\/image\/\",\"url\":\"https:\/\/indusall.be\/wp-content\/uploads\/2024\/03\/logo-indusall.png\",\"contentUrl\":\"https:\/\/indusall.be\/wp-content\/uploads\/2024\/03\/logo-indusall.png\",\"width\":475,\"height\":160,\"caption\":\"INDUSALL - Maintenance Solutions\"},\"image\":{\"@id\":\"https:\/\/indusall.be\/#\/schema\/logo\/image\/\"},\"sameAs\":[\"https:\/\/www.facebook.com\/IndusallBE\/\"]}]}<\/script>\n<!-- \/ Yoast SEO plugin. -->","yoast_head_json":{"title":"Accueil - INDUSALL - Maintenance Solutions","robots":{"index":"index","follow":"follow","max-snippet":"max-snippet:-1","max-image-preview":"max-image-preview:large","max-video-preview":"max-video-preview:-1"},"canonical":"https:\/\/indusall.be\/","og_locale":"fr_FR","og_type":"article","og_title":"Accueil - INDUSALL - Maintenance Solutions","og_description":"[vc_row full_width=\u00a0\u00bbstretch_row_content_no_spaces\u00a0\u00bb][vc_column][rev_slider_vc alias=\u00a0\u00bbslider-4-1&Prime;][\/vc_column][\/vc_row][vc_row css=\u00a0\u00bb.vc_custom_1509002400848{background-color: #f2f2f2 !important;}\u00a0\u00bb][vc_column][vc_row_inner][vc_column_inner offset=\u00a0\u00bbvc_col-lg-3 vc_col-md-12&Prime;][vc_column_text]Bienvenue sur notre site internet, la vitrine num\u00e9rique de notre entreprise de maintenance industrielle sp\u00e9cialis\u00e9e dans l&rsquo;am\u00e9lioration des syst\u00e8mes de maintenance. Chez nous, l&rsquo;expertise se traduit tant au niveau du management que sur le terrain, visant \u00e0 optimiser chaque aspect de votre processus de maintenance. En tant que [&hellip;]","og_url":"https:\/\/indusall.be\/","og_site_name":"INDUSALL - Maintenance Solutions","article_publisher":"https:\/\/www.facebook.com\/IndusallBE\/","article_modified_time":"2024-03-10T19:31:32+00:00","og_image":[{"width":475,"height":160,"url":"https:\/\/indusall.be\/wp-content\/uploads\/2024\/03\/logo.png","type":"image\/png"}],"twitter_card":"summary_large_image","twitter_misc":{"Dur\u00e9e de lecture estim\u00e9e":"2 minutes"},"schema":{"@context":"https:\/\/schema.org","@graph":[{"@type":"WebPage","@id":"https:\/\/indusall.be\/","url":"https:\/\/indusall.be\/","name":"Accueil - INDUSALL - Maintenance Solutions","isPartOf":{"@id":"https:\/\/indusall.be\/#website"},"datePublished":"2024-03-08T19:20:27+00:00","dateModified":"2024-03-10T19:31:32+00:00","breadcrumb":{"@id":"https:\/\/indusall.be\/#breadcrumb"},"inLanguage":"fr-FR","potentialAction":[{"@type":"ReadAction","target":["https:\/\/indusall.be\/"]}]},{"@type":"BreadcrumbList","@id":"https:\/\/indusall.be\/#breadcrumb","itemListElement":[{"@type":"ListItem","position":1,"name":"Accueil","item":"https:\/\/indusall.be\/"},{"@type":"ListItem","position":2,"name":"Accueil"}]},{"@type":"WebSite","@id":"https:\/\/indusall.be\/#website","url":"https:\/\/indusall.be\/","name":"INDUSALL - Maintenance Solutions","description":"Maintenance Excellence","publisher":{"@id":"https:\/\/indusall.be\/#organization"},"alternateName":"Indusall - Consultance de Miantenance","potentialAction":[{"@type":"SearchAction","target":{"@type":"EntryPoint","urlTemplate":"https:\/\/indusall.be\/?s={search_term_string}"},"query-input":"required name=search_term_string"}],"inLanguage":"fr-FR"},{"@type":"Organization","@id":"https:\/\/indusall.be\/#organization","name":"INDUSALL - Maintenance Solutions","url":"https:\/\/indusall.be\/","logo":{"@type":"ImageObject","inLanguage":"fr-FR","@id":"https:\/\/indusall.be\/#\/schema\/logo\/image\/","url":"https:\/\/indusall.be\/wp-content\/uploads\/2024\/03\/logo-indusall.png","contentUrl":"https:\/\/indusall.be\/wp-content\/uploads\/2024\/03\/logo-indusall.png","width":475,"height":160,"caption":"INDUSALL - Maintenance Solutions"},"image":{"@id":"https:\/\/indusall.be\/#\/schema\/logo\/image\/"},"sameAs":["https:\/\/www.facebook.com\/IndusallBE\/"]}]}},"_links":{"self":[{"href":"https:\/\/indusall.be\/index.php\/wp-json\/wp\/v2\/pages\/3947"}],"collection":[{"href":"https:\/\/indusall.be\/index.php\/wp-json\/wp\/v2\/pages"}],"about":[{"href":"https:\/\/indusall.be\/index.php\/wp-json\/wp\/v2\/types\/page"}],"author":[{"embeddable":true,"href":"https:\/\/indusall.be\/index.php\/wp-json\/wp\/v2\/users\/1"}],"replies":[{"embeddable":true,"href":"https:\/\/indusall.be\/index.php\/wp-json\/wp\/v2\/comments?post=3947"}],"version-history":[{"count":40,"href":"https:\/\/indusall.be\/index.php\/wp-json\/wp\/v2\/pages\/3947\/revisions"}],"predecessor-version":[{"id":4071,"href":"https:\/\/indusall.be\/index.php\/wp-json\/wp\/v2\/pages\/3947\/revisions\/4071"}],"wp:attachment":[{"href":"https:\/\/indusall.be\/index.php\/wp-json\/wp\/v2\/media?parent=3947"}],"curies":[{"name":"wp","href":"https:\/\/api.w.org\/{rel}","templated":true}]}}