{"id":3955,"date":"2024-03-08T20:42:29","date_gmt":"2024-03-08T19:42:29","guid":{"rendered":"https:\/\/indusall.be\/?page_id=3955"},"modified":"2024-12-05T14:40:16","modified_gmt":"2024-12-05T13:40:16","slug":"contactez-nous","status":"publish","type":"page","link":"https:\/\/indusall.be\/index.php\/contactez-nous\/","title":{"rendered":"Contactez-nous"},"content":{"rendered":"<div class=\"wpb-content-wrapper\"><p>[vc_row][vc_column]<div class=\"mf-empty-space \" style=\"\"><div class=\"mf_empty_space_lg\"  style=\"height: 80px\"><\/div><div class=\"mf_empty_space_md\"  style=\"height: 50px\"><\/div><div class=\"mf_empty_space_xs\"  style=\"height: 50px\"><\/div><\/div>[\/vc_column][\/vc_row][vc_row][vc_column]<div class=\"mf-section-title text-left dark large-size \"><h2 >Contactez-nous<\/h2><\/div><div class=\"mf-empty-space \" style=\"\"><div class=\"mf_empty_space_lg\"  style=\"height: 50px\"><\/div><div class=\"mf_empty_space_md\"  style=\"height: 30px\"><\/div><div class=\"mf_empty_space_xs\"  style=\"height: 30px\"><\/div><\/div>[vc_row_inner][vc_column_inner offset=\u00a0\u00bbvc_col-lg-4 vc_col-md-12&Prime;]<div class=\"mf-contact-box clearfix \"><div class=\"mf-section-title text-left dark medium-size \"><h2 >Coordonn\u00e9es<\/h2><\/div><div class=\"contact-info address\"><i class=\"flaticon-arrow\"><\/i><div><span>Address:<\/span> Rue de la Colonne 1A<br \/>\n1080 Bruxelles<br \/>\n<\/div><\/div><div class=\"contact-info phone\"><i class=\"fa fa-phone\"><\/i><div><span>Call Us:<\/span> +32 477 40 40 90<\/div><\/div><div class=\"contact-info email\"><i class=\"flaticon-note\"><\/i><div><span>Mail Us:<\/span> indusall@indusall.be<\/div><\/div><ul class=\"contact-social\"><li class=\"facebook\">\n\t\t\t\t\t\t<a href=\"#\" target=\"_blank\">\n\t\t\t\t\t\t\t<i class=\"fa fa-facebook\"><\/i>\n\t\t\t\t\t\t<\/a>\n\t\t\t\t\t<\/li><li class=\"twitter\">\n\t\t\t\t\t\t<a href=\"#\" target=\"_blank\">\n\t\t\t\t\t\t\t<i class=\"fa fa-twitter\"><\/i>\n\t\t\t\t\t\t<\/a>\n\t\t\t\t\t<\/li><li class=\"googleplus\">\n\t\t\t\t\t\t<a href=\"#\" target=\"_blank\">\n\t\t\t\t\t\t\t<i class=\"fa fa-google-plus\"><\/i>\n\t\t\t\t\t\t<\/a>\n\t\t\t\t\t<\/li><li class=\"skype\">\n\t\t\t\t\t\t<a href=\"#\" target=\"_blank\">\n\t\t\t\t\t\t\t<i class=\"fa fa-skype\"><\/i>\n\t\t\t\t\t\t<\/a>\n\t\t\t\t\t<\/li><li class=\"linkedin\">\n\t\t\t\t\t\t<a href=\"#\" target=\"_blank\">\n\t\t\t\t\t\t\t<i class=\"fa fa-linkedin\"><\/i>\n\t\t\t\t\t\t<\/a>\n\t\t\t\t\t<\/li><\/ul><\/div><div class=\"mf-empty-space \" style=\"\"><div class=\"mf_empty_space_lg\"  style=\"height: 80px\"><\/div><div class=\"mf_empty_space_md\"  style=\"height: 50px\"><\/div><div class=\"mf_empty_space_xs\"  style=\"height: 50px\"><\/div><\/div>[\/vc_column_inner][vc_column_inner offset=\u00a0\u00bbvc_col-lg-4 vc_col-md-12&Prime;]<div class=\"mf-department \" id=\"department-slider-69d3b0b3a2f06\">\n\t\t\t\t<div class=\"mf-section-title text-left dark medium-size \"><h2 >Administrateur<\/h2><\/div>\n\t\t\t\t<div class=\"department-list owl-carousel\"><div class=\"department-group\"><div class=\"department-info \"><div class=\"department-avatar\"><img decoding=\"async\" class=\"\" src=\"https:\/\/indusall.be\/wp-content\/uploads\/2024\/03\/Tuncay-67x64.jpg\" width=\"67\" height=\"64\" alt=\"Tuncay\" title=\"Tuncay\" loading=\"lazy\" \/><\/div><div class=\"info\"><h5 class=\"name\">Tuncay GURSOY<\/h5><span class=\"phone\"><i class=\"fa fa-phone\"><\/i>+32 477 40 40 90<\/span><div class=\"mail\"><i class=\"fa fa-envelope\"><\/i>tgu@indusall.be<\/div><\/div><\/div><\/div><\/div>\n\t\t\t<\/div><div class=\"mf-empty-space \" style=\"\"><div class=\"mf_empty_space_lg\"  style=\"height: 80px\"><\/div><div class=\"mf_empty_space_md\"  style=\"height: 50px\"><\/div><div class=\"mf_empty_space_xs\"  style=\"height: 50px\"><\/div><\/div>[\/vc_column_inner][vc_column_inner offset=\u00a0\u00bbvc_col-lg-4 vc_col-md-12&Prime;]<div class=\"mf-working-hour \"><div class=\"mf-section-title text-left dark medium-size \"><h2 >Working Hours<\/h2><\/div><ul class=\"mf-list-hour\"><li><span class=\"day\">Tous les jours de la semaine<\/span><span class=\"hour\">Sur rdv<\/span><\/li><\/ul><\/div><div class=\"mf-empty-space \" style=\"\"><div class=\"mf_empty_space_lg\"  style=\"height: 80px\"><\/div><div class=\"mf_empty_space_md\"  style=\"height: 50px\"><\/div><div class=\"mf_empty_space_xs\"  style=\"height: 50px\"><\/div><\/div>[\/vc_column_inner][\/vc_row_inner][\/vc_column][\/vc_row][vc_row css=\u00a0\u00bb.vc_custom_1508231584995{background-color: #f2f2f2 !important;}\u00a0\u00bb][vc_column]<div class=\"mf-empty-space \" style=\"\"><div class=\"mf_empty_space_lg\"  style=\"height: 80px\"><\/div><div class=\"mf_empty_space_md\"  style=\"height: 50px\"><\/div><div class=\"mf_empty_space_xs\"  style=\"height: 50px\"><\/div><\/div><div class=\"mf-section-title text-center dark large-size \"><h2 >Envoyez-nous votre message<\/h2><\/div><div class=\"mf-empty-space \" style=\"\"><div class=\"mf_empty_space_lg\"  style=\"height: 25px\"><\/div><div class=\"mf_empty_space_md\"  style=\"height: 25px\"><\/div><div class=\"mf_empty_space_xs\"  style=\"height: 25px\"><\/div><\/div>[vc_column_text]<\/p>\n<div class=\"text-center\" style=\"font-size: 18px;\">N&rsquo;h\u00e9sitez pas \u00e0 nous poser toutes les questions que vous souhaitez. Nous sommes toujours pr\u00eats \u00e0 vous aider.<\/div>\n<p>[\/vc_column_text]<div class=\"mf-empty-space \" style=\"\"><div class=\"mf_empty_space_lg\"  style=\"height: 40px\"><\/div><div class=\"mf_empty_space_md\"  style=\"height: 40px\"><\/div><div class=\"mf_empty_space_xs\"  style=\"height: 40px\"><\/div><\/div><div class=\"mf-contact-form-7 form-light \" style=\"\">\n<div class=\"wpcf7 no-js\" id=\"wpcf7-f3962-o1\" lang=\"en-US\" dir=\"ltr\">\n<div class=\"screen-reader-response\"><p role=\"status\" aria-live=\"polite\" aria-atomic=\"true\"><\/p> <ul><\/ul><\/div>\n<form action=\"\/index.php\/wp-json\/wp\/v2\/pages\/3955#wpcf7-f3962-o1\" method=\"post\" class=\"wpcf7-form init\" aria-label=\"Contact form\" novalidate=\"novalidate\" data-status=\"init\">\n<div style=\"display: none;\">\n<input type=\"hidden\" name=\"_wpcf7\" value=\"3962\" \/>\n<input type=\"hidden\" name=\"_wpcf7_version\" value=\"5.9.6\" \/>\n<input type=\"hidden\" name=\"_wpcf7_locale\" value=\"en_US\" \/>\n<input type=\"hidden\" name=\"_wpcf7_unit_tag\" value=\"wpcf7-f3962-o1\" \/>\n<input type=\"hidden\" name=\"_wpcf7_container_post\" value=\"0\" \/>\n<input type=\"hidden\" name=\"_wpcf7_posted_data_hash\" value=\"\" \/>\n<\/div>\n<div class=\"mf-form mf-form-2\">\n\t<div class=\"row\">\n\t\t<div class=\"col-md-6 col-xs-12 col-sm-12 mf-input-field\">\n\t\t\t<p><span class=\"wpcf7-form-control-wrap\" data-name=\"your-name\"><input size=\"40\" maxlength=\"80\" class=\"wpcf7-form-control wpcf7-text wpcf7-validates-as-required\" aria-required=\"true\" aria-invalid=\"false\" placeholder=\"Votre Nom*\" value=\"\" type=\"text\" name=\"your-name\" \/><\/span>\n\t\t\t<\/p>\n\t\t\t<p><span class=\"wpcf7-form-control-wrap\" data-name=\"your-email\"><input size=\"40\" maxlength=\"80\" class=\"wpcf7-form-control wpcf7-email wpcf7-validates-as-required wpcf7-text wpcf7-validates-as-email\" aria-required=\"true\" aria-invalid=\"false\" placeholder=\"Votre Adresse Email Address*\" value=\"\" type=\"email\" name=\"your-email\" \/><\/span>\n\t\t\t<\/p>\n\t\t\t<p><span class=\"wpcf7-form-control-wrap\" data-name=\"phone\"><input size=\"40\" maxlength=\"80\" class=\"wpcf7-form-control wpcf7-text\" aria-invalid=\"false\" placeholder=\"Votre num\u00e9rode t\u00e9l\u00e9phone\" value=\"\" type=\"text\" name=\"phone\" \/><\/span>\n\t\t\t<\/p>\n\t\t<\/div>\n\t\t<div class=\"col-md-6 col-xs-12 col-sm-12 mf-textarea-field\">\n\t\t\t<p><span class=\"wpcf7-form-control-wrap\" data-name=\"comment\"><textarea cols=\"40\" rows=\"10\" maxlength=\"400\" class=\"wpcf7-form-control wpcf7-textarea\" aria-invalid=\"false\" placeholder=\"Votre Message...\" name=\"comment\"><\/textarea><\/span>\n\t\t\t<\/p>\n\t\t<\/div>\n\t\t<div class=\"text-center mf-submit col-md-12 col-xs-12 col-sm-12\">\n\t\t\t<p><input class=\"wpcf7-form-control wpcf7-submit has-spinner\" type=\"submit\" value=\"Envoyer\" \/>\n\t\t\t<\/p>\n\t\t<\/div>\n\t<\/div>\n<\/div><div class=\"wpcf7-response-output\" aria-hidden=\"true\"><\/div>\n<\/form>\n<\/div>\n<\/div><div class=\"mf-empty-space \" style=\"\"><div class=\"mf_empty_space_lg\"  style=\"height: 80px\"><\/div><div class=\"mf_empty_space_md\"  style=\"height: 50px\"><\/div><div class=\"mf_empty_space_xs\"  style=\"height: 50px\"><\/div><\/div>[\/vc_column][\/vc_row]<\/p>\n<\/div>","protected":false},"excerpt":{"rendered":"<p>[vc_row][vc_column][\/vc_column][\/vc_row][vc_row][vc_column][vc_row_inner][vc_column_inner offset=\u00a0\u00bbvc_col-lg-4 vc_col-md-12&Prime;][\/vc_column_inner][vc_column_inner offset=\u00a0\u00bbvc_col-lg-4 vc_col-md-12&Prime;][\/vc_column_inner][vc_column_inner offset=\u00a0\u00bbvc_col-lg-4 vc_col-md-12&Prime;][\/vc_column_inner][\/vc_row_inner][\/vc_column][\/vc_row][vc_row css=\u00a0\u00bb.vc_custom_1508231584995{background-color: #f2f2f2 !important;}\u00a0\u00bb][vc_column][vc_column_text] N&rsquo;h\u00e9sitez pas \u00e0 nous poser toutes les questions que vous souhaitez. Nous sommes toujours pr\u00eats \u00e0 vous aider. [\/vc_column_text][\/vc_column][\/vc_row]<\/p>\n","protected":false},"author":1,"featured_media":0,"parent":0,"menu_order":0,"comment_status":"closed","ping_status":"closed","template":"template-fullwidth.php","meta":{"footnotes":""},"yoast_head":"<!-- This site is optimized with the Yoast SEO plugin v23.0 - https:\/\/yoast.com\/wordpress\/plugins\/seo\/ -->\n<title>Contactez-nous - INDUSALL - Maintenance Solutions<\/title>\n<meta name=\"robots\" content=\"index, follow, max-snippet:-1, max-image-preview:large, max-video-preview:-1\" \/>\n<link rel=\"canonical\" href=\"https:\/\/indusall.be\/index.php\/contactez-nous\/\" \/>\n<meta property=\"og:locale\" content=\"fr_FR\" \/>\n<meta property=\"og:type\" content=\"article\" \/>\n<meta property=\"og:title\" content=\"Contactez-nous - INDUSALL - Maintenance Solutions\" \/>\n<meta property=\"og:description\" content=\"[vc_row][vc_column][\/vc_column][\/vc_row][vc_row][vc_column][vc_row_inner][vc_column_inner offset=\u00a0\u00bbvc_col-lg-4 vc_col-md-12&Prime;][\/vc_column_inner][vc_column_inner offset=\u00a0\u00bbvc_col-lg-4 vc_col-md-12&Prime;][\/vc_column_inner][vc_column_inner offset=\u00a0\u00bbvc_col-lg-4 vc_col-md-12&Prime;][\/vc_column_inner][\/vc_row_inner][\/vc_column][\/vc_row][vc_row css=\u00a0\u00bb.vc_custom_1508231584995{background-color: #f2f2f2 !important;}\u00a0\u00bb][vc_column][vc_column_text] N&rsquo;h\u00e9sitez pas \u00e0 nous poser toutes les questions que vous souhaitez. Nous sommes toujours pr\u00eats \u00e0 vous aider. [\/vc_column_text][\/vc_column][\/vc_row]\" \/>\n<meta property=\"og:url\" content=\"https:\/\/indusall.be\/index.php\/contactez-nous\/\" \/>\n<meta property=\"og:site_name\" content=\"INDUSALL - Maintenance Solutions\" \/>\n<meta property=\"article:publisher\" content=\"https:\/\/www.facebook.com\/IndusallBE\/\" \/>\n<meta property=\"article:modified_time\" content=\"2024-12-05T13:40:16+00:00\" \/>\n<meta property=\"og:image\" content=\"https:\/\/indusall.be\/wp-content\/uploads\/2024\/03\/logo.png\" \/>\n\t<meta property=\"og:image:width\" content=\"475\" \/>\n\t<meta property=\"og:image:height\" content=\"160\" \/>\n\t<meta property=\"og:image:type\" content=\"image\/png\" \/>\n<meta name=\"twitter:card\" content=\"summary_large_image\" \/>\n<meta name=\"twitter:label1\" content=\"Dur\u00e9e de lecture estim\u00e9e\" \/>\n\t<meta name=\"twitter:data1\" content=\"1 minute\" \/>\n<script type=\"application\/ld+json\" class=\"yoast-schema-graph\">{\"@context\":\"https:\/\/schema.org\",\"@graph\":[{\"@type\":\"WebPage\",\"@id\":\"https:\/\/indusall.be\/index.php\/contactez-nous\/\",\"url\":\"https:\/\/indusall.be\/index.php\/contactez-nous\/\",\"name\":\"Contactez-nous - INDUSALL - Maintenance Solutions\",\"isPartOf\":{\"@id\":\"https:\/\/indusall.be\/#website\"},\"datePublished\":\"2024-03-08T19:42:29+00:00\",\"dateModified\":\"2024-12-05T13:40:16+00:00\",\"breadcrumb\":{\"@id\":\"https:\/\/indusall.be\/index.php\/contactez-nous\/#breadcrumb\"},\"inLanguage\":\"fr-FR\",\"potentialAction\":[{\"@type\":\"ReadAction\",\"target\":[\"https:\/\/indusall.be\/index.php\/contactez-nous\/\"]}]},{\"@type\":\"BreadcrumbList\",\"@id\":\"https:\/\/indusall.be\/index.php\/contactez-nous\/#breadcrumb\",\"itemListElement\":[{\"@type\":\"ListItem\",\"position\":1,\"name\":\"Accueil\",\"item\":\"https:\/\/indusall.be\/\"},{\"@type\":\"ListItem\",\"position\":2,\"name\":\"Contactez-nous\"}]},{\"@type\":\"WebSite\",\"@id\":\"https:\/\/indusall.be\/#website\",\"url\":\"https:\/\/indusall.be\/\",\"name\":\"INDUSALL - Maintenance Solutions\",\"description\":\"Maintenance Excellence\",\"publisher\":{\"@id\":\"https:\/\/indusall.be\/#organization\"},\"alternateName\":\"Indusall - Consultance de Miantenance\",\"potentialAction\":[{\"@type\":\"SearchAction\",\"target\":{\"@type\":\"EntryPoint\",\"urlTemplate\":\"https:\/\/indusall.be\/?s={search_term_string}\"},\"query-input\":\"required name=search_term_string\"}],\"inLanguage\":\"fr-FR\"},{\"@type\":\"Organization\",\"@id\":\"https:\/\/indusall.be\/#organization\",\"name\":\"INDUSALL - Maintenance Solutions\",\"url\":\"https:\/\/indusall.be\/\",\"logo\":{\"@type\":\"ImageObject\",\"inLanguage\":\"fr-FR\",\"@id\":\"https:\/\/indusall.be\/#\/schema\/logo\/image\/\",\"url\":\"https:\/\/indusall.be\/wp-content\/uploads\/2024\/03\/logo-indusall.png\",\"contentUrl\":\"https:\/\/indusall.be\/wp-content\/uploads\/2024\/03\/logo-indusall.png\",\"width\":475,\"height\":160,\"caption\":\"INDUSALL - Maintenance Solutions\"},\"image\":{\"@id\":\"https:\/\/indusall.be\/#\/schema\/logo\/image\/\"},\"sameAs\":[\"https:\/\/www.facebook.com\/IndusallBE\/\"]}]}<\/script>\n<!-- \/ Yoast SEO plugin. -->","yoast_head_json":{"title":"Contactez-nous - INDUSALL - Maintenance Solutions","robots":{"index":"index","follow":"follow","max-snippet":"max-snippet:-1","max-image-preview":"max-image-preview:large","max-video-preview":"max-video-preview:-1"},"canonical":"https:\/\/indusall.be\/index.php\/contactez-nous\/","og_locale":"fr_FR","og_type":"article","og_title":"Contactez-nous - INDUSALL - Maintenance Solutions","og_description":"[vc_row][vc_column][\/vc_column][\/vc_row][vc_row][vc_column][vc_row_inner][vc_column_inner offset=\u00a0\u00bbvc_col-lg-4 vc_col-md-12&Prime;][\/vc_column_inner][vc_column_inner offset=\u00a0\u00bbvc_col-lg-4 vc_col-md-12&Prime;][\/vc_column_inner][vc_column_inner offset=\u00a0\u00bbvc_col-lg-4 vc_col-md-12&Prime;][\/vc_column_inner][\/vc_row_inner][\/vc_column][\/vc_row][vc_row css=\u00a0\u00bb.vc_custom_1508231584995{background-color: #f2f2f2 !important;}\u00a0\u00bb][vc_column][vc_column_text] N&rsquo;h\u00e9sitez pas \u00e0 nous poser toutes les questions que vous souhaitez. Nous sommes toujours pr\u00eats \u00e0 vous aider. [\/vc_column_text][\/vc_column][\/vc_row]","og_url":"https:\/\/indusall.be\/index.php\/contactez-nous\/","og_site_name":"INDUSALL - Maintenance Solutions","article_publisher":"https:\/\/www.facebook.com\/IndusallBE\/","article_modified_time":"2024-12-05T13:40:16+00:00","og_image":[{"width":475,"height":160,"url":"https:\/\/indusall.be\/wp-content\/uploads\/2024\/03\/logo.png","type":"image\/png"}],"twitter_card":"summary_large_image","twitter_misc":{"Dur\u00e9e de lecture estim\u00e9e":"1 minute"},"schema":{"@context":"https:\/\/schema.org","@graph":[{"@type":"WebPage","@id":"https:\/\/indusall.be\/index.php\/contactez-nous\/","url":"https:\/\/indusall.be\/index.php\/contactez-nous\/","name":"Contactez-nous - INDUSALL - Maintenance Solutions","isPartOf":{"@id":"https:\/\/indusall.be\/#website"},"datePublished":"2024-03-08T19:42:29+00:00","dateModified":"2024-12-05T13:40:16+00:00","breadcrumb":{"@id":"https:\/\/indusall.be\/index.php\/contactez-nous\/#breadcrumb"},"inLanguage":"fr-FR","potentialAction":[{"@type":"ReadAction","target":["https:\/\/indusall.be\/index.php\/contactez-nous\/"]}]},{"@type":"BreadcrumbList","@id":"https:\/\/indusall.be\/index.php\/contactez-nous\/#breadcrumb","itemListElement":[{"@type":"ListItem","position":1,"name":"Accueil","item":"https:\/\/indusall.be\/"},{"@type":"ListItem","position":2,"name":"Contactez-nous"}]},{"@type":"WebSite","@id":"https:\/\/indusall.be\/#website","url":"https:\/\/indusall.be\/","name":"INDUSALL - Maintenance Solutions","description":"Maintenance Excellence","publisher":{"@id":"https:\/\/indusall.be\/#organization"},"alternateName":"Indusall - Consultance de Miantenance","potentialAction":[{"@type":"SearchAction","target":{"@type":"EntryPoint","urlTemplate":"https:\/\/indusall.be\/?s={search_term_string}"},"query-input":"required name=search_term_string"}],"inLanguage":"fr-FR"},{"@type":"Organization","@id":"https:\/\/indusall.be\/#organization","name":"INDUSALL - Maintenance Solutions","url":"https:\/\/indusall.be\/","logo":{"@type":"ImageObject","inLanguage":"fr-FR","@id":"https:\/\/indusall.be\/#\/schema\/logo\/image\/","url":"https:\/\/indusall.be\/wp-content\/uploads\/2024\/03\/logo-indusall.png","contentUrl":"https:\/\/indusall.be\/wp-content\/uploads\/2024\/03\/logo-indusall.png","width":475,"height":160,"caption":"INDUSALL - Maintenance Solutions"},"image":{"@id":"https:\/\/indusall.be\/#\/schema\/logo\/image\/"},"sameAs":["https:\/\/www.facebook.com\/IndusallBE\/"]}]}},"_links":{"self":[{"href":"https:\/\/indusall.be\/index.php\/wp-json\/wp\/v2\/pages\/3955"}],"collection":[{"href":"https:\/\/indusall.be\/index.php\/wp-json\/wp\/v2\/pages"}],"about":[{"href":"https:\/\/indusall.be\/index.php\/wp-json\/wp\/v2\/types\/page"}],"author":[{"embeddable":true,"href":"https:\/\/indusall.be\/index.php\/wp-json\/wp\/v2\/users\/1"}],"replies":[{"embeddable":true,"href":"https:\/\/indusall.be\/index.php\/wp-json\/wp\/v2\/comments?post=3955"}],"version-history":[{"count":10,"href":"https:\/\/indusall.be\/index.php\/wp-json\/wp\/v2\/pages\/3955\/revisions"}],"predecessor-version":[{"id":4131,"href":"https:\/\/indusall.be\/index.php\/wp-json\/wp\/v2\/pages\/3955\/revisions\/4131"}],"wp:attachment":[{"href":"https:\/\/indusall.be\/index.php\/wp-json\/wp\/v2\/media?parent=3955"}],"curies":[{"name":"wp","href":"https:\/\/api.w.org\/{rel}","templated":true}]}}