{"id":4152,"date":"2024-12-19T20:10:45","date_gmt":"2024-12-19T19:10:45","guid":{"rendered":"https:\/\/indusall.be\/?page_id=4152"},"modified":"2024-12-19T20:58:07","modified_gmt":"2024-12-19T19:58:07","slug":"qui","status":"publish","type":"page","link":"https:\/\/indusall.be\/index.php\/qui\/","title":{"rendered":"Quis Sommes Nous"},"content":{"rendered":"<div class=\"wpb-content-wrapper\"><p>[vc_row][vc_column]<div class=\"mf-empty-space \" style=\"\"><div class=\"mf_empty_space_lg\"  style=\"height: 80px\"><\/div><div class=\"mf_empty_space_md\"  style=\"height: 50px\"><\/div><div class=\"mf_empty_space_xs\"  style=\"height: 50px\"><\/div><\/div>[\/vc_column][\/vc_row][vc_row][vc_column offset=\u00a0\u00bbvc_col-lg-4 vc_col-md-12&Prime;][vc_single_image image=\u00a0\u00bb3850&Prime; img_size=\u00a0\u00bb370&#215;360&Prime;]<div class=\"mf-empty-space \" style=\"\"><div class=\"mf_empty_space_lg\"  style=\"height: 50px\"><\/div><div class=\"mf_empty_space_md\"  style=\"height: 30px\"><\/div><div class=\"mf_empty_space_xs\"  style=\"height: 30px\"><\/div><\/div>[\/vc_column][vc_column offset=\u00a0\u00bbvc_col-lg-4 vc_col-md-12&Prime;][vc_custom_heading text=\u00a0\u00bbQui sommes-nous ?\u00a0\u00bb font_container=\u00a0\u00bbtag:h2|font_size:20|text_align:left\u00a0\u00bb use_theme_fonts=\u00a0\u00bbyes\u00a0\u00bb el_class=\u00a0\u00bbfw-medium\u00a0\u00bb css=\u00a0\u00bb.vc_custom_1734635654515{margin-top: 0px !important;margin-bottom: 0px !important;}\u00a0\u00bb]<div class=\"mf-empty-space \" style=\"\"><div class=\"mf_empty_space_lg\"  style=\"height: 20px\"><\/div><div class=\"mf_empty_space_md\"  style=\"height: 20px\"><\/div><div class=\"mf_empty_space_xs\"  style=\"height: 20px\"><\/div><\/div>[vc_column_text]Chez <strong>INDUSALL<\/strong>, nous sommes d\u00e9di\u00e9s \u00e0 accompagner les entreprises industrielles dans leur qu\u00eate d\u2019excellence gr\u00e2ce \u00e0 des solutions personnalis\u00e9es en maintenance, des services de conseil strat\u00e9giques et des programmes de formation complets.<\/p>\n<p>Fond\u00e9e par un expert dot\u00e9 de plus de 30 ans d\u2019exp\u00e9rience, notre mission est de fournir aux entreprises les outils, les connaissances et les strat\u00e9gies n\u00e9cessaires pour optimiser leurs op\u00e9rations et atteindre une croissance durable.[\/vc_column_text]<div class=\"mf-empty-space \" style=\"\"><div class=\"mf_empty_space_lg\"  style=\"height: 25px\"><\/div><div class=\"mf_empty_space_md\"  style=\"height: 25px\"><\/div><div class=\"mf_empty_space_xs\"  style=\"height: 25px\"><\/div><\/div><div class=\"mf-empty-space \" style=\"\"><div class=\"mf_empty_space_lg\"  style=\"height: 50px\"><\/div><div class=\"mf_empty_space_md\"  style=\"height: 30px\"><\/div><div class=\"mf_empty_space_xs\"  style=\"height: 30px\"><\/div><\/div><div class=\"mf-empty-space \" style=\"\"><div class=\"mf_empty_space_lg\"  style=\"height: 50px\"><\/div><div class=\"mf_empty_space_md\"  style=\"height: 30px\"><\/div><div class=\"mf_empty_space_xs\"  style=\"height: 30px\"><\/div><\/div>[\/vc_column][vc_column offset=\u00a0\u00bbvc_col-lg-4 vc_col-md-12&Prime;][vc_custom_heading text=\u00a0\u00bbNotre Expertise\u00a0\u00bb font_container=\u00a0\u00bbtag:h2|font_size:20|text_align:left\u00a0\u00bb use_theme_fonts=\u00a0\u00bbyes\u00a0\u00bb el_class=\u00a0\u00bbfw-medium\u00a0\u00bb]<div class=\"mf-empty-space \" style=\"\"><div class=\"mf_empty_space_lg\" ><\/div><div class=\"mf_empty_space_md\" ><\/div><div class=\"mf_empty_space_xs\" ><\/div><\/div>[vc_column_text]INDUSALL combine une exp\u00e9rience internationale avec une expertise technique approfondie pour offrir des r\u00e9sultats concrets et mesurables. Nous int\u00e9grons des m\u00e9thodologies vari\u00e9es et des meilleures pratiques dans chaque mission. Nos domaines d\u2019intervention incluent :<\/p>\n<ul>\n<li>L\u2019optimisation des processus de maintenance.<\/li>\n<li>La mise en \u0153uvre de <strong>SAP PM (Plant Maintenance)<\/strong>.<\/li>\n<li>La standardisation et l\u2019harmonisation des op\u00e9rations sur plusieurs sites.<\/li>\n<li>La pr\u00e9paration aux audits et la conformit\u00e9 aux normes.<\/li>\n<li>La formation et le coaching des managers et \u00e9quipes de maintenance.<\/li>\n<\/ul>\n<p>[\/vc_column_text]<div class=\"mf-empty-space \" style=\"\"><div class=\"mf_empty_space_lg\"  style=\"height: 50px\"><\/div><div class=\"mf_empty_space_md\"  style=\"height: 30px\"><\/div><div class=\"mf_empty_space_xs\"  style=\"height: 30px\"><\/div><\/div><div class=\"mf-empty-space \" style=\"\"><div class=\"mf_empty_space_lg\"  style=\"height: 50px\"><\/div><div class=\"mf_empty_space_md\"  style=\"height: 30px\"><\/div><div class=\"mf_empty_space_xs\"  style=\"height: 30px\"><\/div><\/div>[\/vc_column][\/vc_row][vc_row][vc_column]<div class=\"mf-section-title text-center dark large-size \"><h2 >Pourquoi choisir INDUSALL ?<\/h2><\/div><div class=\"mf-empty-space \" style=\"\"><div class=\"mf_empty_space_lg\"  style=\"height: 55px\"><\/div><div class=\"mf_empty_space_md\"  style=\"height: 30px\"><\/div><div class=\"mf_empty_space_xs\"  style=\"height: 30px\"><\/div><\/div>[vc_row_inner][vc_column_inner width=\u00a0\u00bb1\/2&Prime; offset=\u00a0\u00bbvc_col-lg-6 vc_col-md-6&Prime;]<div class=\"mf-icon-box icon_type-flaticon icon_style-has-background-color icon_position-left icon_size-large box-dark \"><span class=\"mf-icon\"><i class=\"flaticon-signs\"><\/i><\/span><div class=\"box-wrapper\"><h2 class=\"box-title\"><a href=\"#\" title=\"Clean Unpolluted\" target=\"_blank\">Des solutions adapt\u00e9es<\/a><\/h2><div class=\"desc\">Chaque entreprise est unique, et nos services le sont aussi. Nous analysons vos besoins sp\u00e9cifiques pour d\u00e9velopper des strat\u00e9gies sur mesure qui r\u00e9pondent \u00e0 vos d\u00e9fis op\u00e9rationnels et strat\u00e9giques.<\/div><\/div><\/div><div class=\"mf-empty-space \" style=\"\"><div class=\"mf_empty_space_lg\"  style=\"height: 38px\"><\/div><div class=\"mf_empty_space_md\"  style=\"height: 30px\"><\/div><div class=\"mf_empty_space_xs\"  style=\"height: 30px\"><\/div><\/div><div class=\"mf-icon-box icon_type-flaticon icon_style-has-background-color icon_position-left icon_size-large box-dark \"><span class=\"mf-icon\"><i class=\"flaticon-plus-zoom-or-search-symbol-of-interface\"><\/i><\/span><div class=\"box-wrapper\"><h2 class=\"box-title\"><a href=\"#\" title=\"Lasting &amp; Long Term\" target=\"_blank\">Un focus sur l\u2019autonomisation<\/a><\/h2><div class=\"desc\">Nous croyons en la durabilit\u00e9 des solutions. En formant vos \u00e9quipes et en les coachant, nous vous donnons les moyens de maintenir et d\u2019am\u00e9liorer les r\u00e9sultats \u00e0 long terme, en toute autonomie.<\/div><\/div><\/div><div class=\"mf-empty-space \" style=\"\"><div class=\"mf_empty_space_lg\"  style=\"height: 38px\"><\/div><div class=\"mf_empty_space_md\"  style=\"height: 30px\"><\/div><div class=\"mf_empty_space_xs\"  style=\"height: 30px\"><\/div><\/div><div class=\"mf-icon-box icon_type-flaticon icon_style-has-background-color icon_position-left icon_size-large box-dark \"><span class=\"mf-icon\"><i class=\"flaticon-technology-1\"><\/i><\/span><div class=\"box-wrapper\"><h2 class=\"box-title\"><a href=\"#\" title=\"Easy and Affortable\" target=\"_blank\">Une expertise technique pointue<\/a><\/h2><div class=\"desc\">Nous ma\u00eetrisons des outils et des processus tels que SAP PM et les m\u00e9thodologies de maintenance avanc\u00e9e, garantissant des interventions efficaces et durables.<\/div><\/div><\/div><div class=\"mf-empty-space \" style=\"\"><div class=\"mf_empty_space_lg\"  style=\"height: 80px\"><\/div><div class=\"mf_empty_space_md\"  style=\"height: 50px\"><\/div><div class=\"mf_empty_space_xs\"  style=\"height: 50px\"><\/div><\/div>[\/vc_column_inner][vc_column_inner width=\u00a0\u00bb1\/2&Prime;]<div class=\"mf-icon-box icon_type-flaticon icon_style-has-background-color icon_position-left icon_size-large box-dark \"><span class=\"mf-icon\"><i class=\"flaticon-interface\"><\/i><\/span><div class=\"box-wrapper\"><h2 class=\"box-title\"><a href=\"#\" title=\"Lasting &amp; Long Term\" target=\"_blank\">Des r\u00e9sultats mesurables<\/a><\/h2><div class=\"desc\">Nos interventions sont bas\u00e9es sur des indicateurs clairs de performance (KPI) pour assurer des b\u00e9n\u00e9fices tangibles, tant sur le plan financier qu\u2019op\u00e9rationnel.<\/div><\/div><\/div><div class=\"mf-empty-space \" style=\"\"><div class=\"mf_empty_space_lg\"  style=\"height: 38px\"><\/div><div class=\"mf_empty_space_md\"  style=\"height: 30px\"><\/div><div class=\"mf_empty_space_xs\"  style=\"height: 30px\"><\/div><\/div><div class=\"mf-icon-box icon_type-flaticon icon_style-has-background-color icon_position-left icon_size-large box-dark \"><span class=\"mf-icon\"><i class=\"flaticon-transport-1\"><\/i><\/span><div class=\"box-wrapper\"><h2 class=\"box-title\"><a href=\"#\" title=\"Lasting &amp; Long Term\" target=\"_blank\">Un engagement pour l\u2019excellence<\/a><\/h2><div class=\"desc\">Nous visons toujours \u00e0 d\u00e9passer vos attentes, avec des solutions innovantes qui maximisent la disponibilit\u00e9 des \u00e9quipements et r\u00e9duisent les co\u00fbts.<\/div><\/div><\/div><div class=\"mf-empty-space \" style=\"\"><div class=\"mf_empty_space_lg\"  style=\"height: 38px\"><\/div><div class=\"mf_empty_space_md\"  style=\"height: 30px\"><\/div><div class=\"mf_empty_space_xs\"  style=\"height: 30px\"><\/div><\/div><div class=\"mf-icon-box icon_type-flaticon icon_style-has-background-color icon_position-left icon_size-large box-dark \"><span class=\"mf-icon\"><i class=\"flaticon-engineer\"><\/i><\/span><div class=\"box-wrapper\"><h2 class=\"box-title\"><a href=\"#\" title=\"Lasting &amp; Long Term\" target=\"_blank\">Un accompagnement complet<\/a><\/h2><div class=\"desc\">De l\u2019audit initial \u00e0 la mise en \u0153uvre des solutions, nous restons \u00e0 vos c\u00f4t\u00e9s \u00e0 chaque \u00e9tape pour garantir le succ\u00e8s des projets.<\/div><\/div><\/div><div class=\"mf-empty-space \" style=\"\"><div class=\"mf_empty_space_lg\"  style=\"height: 38px\"><\/div><div class=\"mf_empty_space_md\"  style=\"height: 30px\"><\/div><div class=\"mf_empty_space_xs\"  style=\"height: 30px\"><\/div><\/div>[\/vc_column_inner][\/vc_row_inner][\/vc_column][\/vc_row][vc_row][vc_column][vc_column_text]<\/p>\n<div class=\"text-center\" style=\"font-size: 20px; color: #393939; font-weight: 500;\">Nous recherchons des <strong>ing\u00e9nieurs talentueux<\/strong> et passionn\u00e9s par l\u2019industrie. Si vous souhaitez relever des d\u00e9fis et contribuer \u00e0 des projets innovants, <strong>rejoignez-nous pour transformer l\u2019avenir de l\u2019industrie !<\/strong><\/div>\n<p>[\/vc_column_text]<div class=\"mf-empty-space \" style=\"\"><div class=\"mf_empty_space_lg\"  style=\"height: 80px\"><\/div><div class=\"mf_empty_space_md\"  style=\"height: 50px\"><\/div><div class=\"mf_empty_space_xs\"  style=\"height: 50px\"><\/div><\/div>[\/vc_column][\/vc_row]<\/p>\n<\/div>","protected":false},"excerpt":{"rendered":"<p>[vc_row][vc_column][\/vc_column][\/vc_row][vc_row][vc_column offset=\u00a0\u00bbvc_col-lg-4 vc_col-md-12&Prime;][vc_single_image image=\u00a0\u00bb3850&Prime; img_size=\u00a0\u00bb370&#215;360&Prime;][\/vc_column][vc_column offset=\u00a0\u00bbvc_col-lg-4 vc_col-md-12&Prime;][vc_custom_heading text=\u00a0\u00bbQui sommes-nous ?\u00a0\u00bb font_container=\u00a0\u00bbtag:h2|font_size:20|text_align:left\u00a0\u00bb use_theme_fonts=\u00a0\u00bbyes\u00a0\u00bb el_class=\u00a0\u00bbfw-medium\u00a0\u00bb css=\u00a0\u00bb.vc_custom_1734635654515{margin-top: 0px !important;margin-bottom: 0px !important;}\u00a0\u00bb][vc_column_text]Chez INDUSALL, nous sommes d\u00e9di\u00e9s \u00e0 accompagner les entreprises industrielles dans leur qu\u00eate d\u2019excellence gr\u00e2ce \u00e0 des solutions personnalis\u00e9es en maintenance, des services de conseil strat\u00e9giques et des programmes de formation complets. Fond\u00e9e par un expert dot\u00e9 de [&hellip;]<\/p>\n","protected":false},"author":1,"featured_media":0,"parent":0,"menu_order":0,"comment_status":"closed","ping_status":"closed","template":"template-fullwidth.php","meta":{"footnotes":""},"yoast_head":"<!-- This site is optimized with the Yoast SEO plugin v23.0 - https:\/\/yoast.com\/wordpress\/plugins\/seo\/ -->\n<title>Quis Sommes Nous - INDUSALL - Maintenance Solutions<\/title>\n<meta name=\"robots\" content=\"index, follow, max-snippet:-1, max-image-preview:large, max-video-preview:-1\" \/>\n<link rel=\"canonical\" href=\"https:\/\/indusall.be\/index.php\/qui\/\" \/>\n<meta property=\"og:locale\" content=\"fr_FR\" \/>\n<meta property=\"og:type\" content=\"article\" \/>\n<meta property=\"og:title\" content=\"Quis Sommes Nous - INDUSALL - Maintenance Solutions\" \/>\n<meta property=\"og:description\" content=\"[vc_row][vc_column][\/vc_column][\/vc_row][vc_row][vc_column offset=\u00a0\u00bbvc_col-lg-4 vc_col-md-12&Prime;][vc_single_image image=\u00a0\u00bb3850&Prime; img_size=\u00a0\u00bb370&#215;360&Prime;][\/vc_column][vc_column offset=\u00a0\u00bbvc_col-lg-4 vc_col-md-12&Prime;][vc_custom_heading text=\u00a0\u00bbQui sommes-nous ?\u00a0\u00bb font_container=\u00a0\u00bbtag:h2|font_size:20|text_align:left\u00a0\u00bb use_theme_fonts=\u00a0\u00bbyes\u00a0\u00bb el_class=\u00a0\u00bbfw-medium\u00a0\u00bb css=\u00a0\u00bb.vc_custom_1734635654515{margin-top: 0px !important;margin-bottom: 0px !important;}\u00a0\u00bb][vc_column_text]Chez INDUSALL, nous sommes d\u00e9di\u00e9s \u00e0 accompagner les entreprises industrielles dans leur qu\u00eate d\u2019excellence gr\u00e2ce \u00e0 des solutions personnalis\u00e9es en maintenance, des services de conseil strat\u00e9giques et des programmes de formation complets. Fond\u00e9e par un expert dot\u00e9 de [&hellip;]\" \/>\n<meta property=\"og:url\" content=\"https:\/\/indusall.be\/index.php\/qui\/\" \/>\n<meta property=\"og:site_name\" content=\"INDUSALL - Maintenance Solutions\" \/>\n<meta property=\"article:publisher\" content=\"https:\/\/www.facebook.com\/IndusallBE\/\" \/>\n<meta property=\"article:modified_time\" content=\"2024-12-19T19:58:07+00:00\" \/>\n<meta property=\"og:image\" content=\"https:\/\/indusall.be\/wp-content\/uploads\/2024\/03\/logo.png\" \/>\n\t<meta property=\"og:image:width\" content=\"475\" \/>\n\t<meta property=\"og:image:height\" content=\"160\" \/>\n\t<meta property=\"og:image:type\" content=\"image\/png\" \/>\n<meta name=\"twitter:card\" content=\"summary_large_image\" \/>\n<meta name=\"twitter:label1\" content=\"Dur\u00e9e de lecture estim\u00e9e\" \/>\n\t<meta name=\"twitter:data1\" content=\"3 minutes\" \/>\n<script type=\"application\/ld+json\" class=\"yoast-schema-graph\">{\"@context\":\"https:\/\/schema.org\",\"@graph\":[{\"@type\":\"WebPage\",\"@id\":\"https:\/\/indusall.be\/index.php\/qui\/\",\"url\":\"https:\/\/indusall.be\/index.php\/qui\/\",\"name\":\"Quis Sommes Nous - INDUSALL - Maintenance Solutions\",\"isPartOf\":{\"@id\":\"https:\/\/indusall.be\/#website\"},\"datePublished\":\"2024-12-19T19:10:45+00:00\",\"dateModified\":\"2024-12-19T19:58:07+00:00\",\"breadcrumb\":{\"@id\":\"https:\/\/indusall.be\/index.php\/qui\/#breadcrumb\"},\"inLanguage\":\"fr-FR\",\"potentialAction\":[{\"@type\":\"ReadAction\",\"target\":[\"https:\/\/indusall.be\/index.php\/qui\/\"]}]},{\"@type\":\"BreadcrumbList\",\"@id\":\"https:\/\/indusall.be\/index.php\/qui\/#breadcrumb\",\"itemListElement\":[{\"@type\":\"ListItem\",\"position\":1,\"name\":\"Accueil\",\"item\":\"https:\/\/indusall.be\/\"},{\"@type\":\"ListItem\",\"position\":2,\"name\":\"Quis Sommes Nous\"}]},{\"@type\":\"WebSite\",\"@id\":\"https:\/\/indusall.be\/#website\",\"url\":\"https:\/\/indusall.be\/\",\"name\":\"INDUSALL - Maintenance Solutions\",\"description\":\"Maintenance Excellence\",\"publisher\":{\"@id\":\"https:\/\/indusall.be\/#organization\"},\"alternateName\":\"Indusall - Consultance de Miantenance\",\"potentialAction\":[{\"@type\":\"SearchAction\",\"target\":{\"@type\":\"EntryPoint\",\"urlTemplate\":\"https:\/\/indusall.be\/?s={search_term_string}\"},\"query-input\":\"required name=search_term_string\"}],\"inLanguage\":\"fr-FR\"},{\"@type\":\"Organization\",\"@id\":\"https:\/\/indusall.be\/#organization\",\"name\":\"INDUSALL - Maintenance Solutions\",\"url\":\"https:\/\/indusall.be\/\",\"logo\":{\"@type\":\"ImageObject\",\"inLanguage\":\"fr-FR\",\"@id\":\"https:\/\/indusall.be\/#\/schema\/logo\/image\/\",\"url\":\"https:\/\/indusall.be\/wp-content\/uploads\/2024\/03\/logo-indusall.png\",\"contentUrl\":\"https:\/\/indusall.be\/wp-content\/uploads\/2024\/03\/logo-indusall.png\",\"width\":475,\"height\":160,\"caption\":\"INDUSALL - Maintenance Solutions\"},\"image\":{\"@id\":\"https:\/\/indusall.be\/#\/schema\/logo\/image\/\"},\"sameAs\":[\"https:\/\/www.facebook.com\/IndusallBE\/\"]}]}<\/script>\n<!-- \/ Yoast SEO plugin. -->","yoast_head_json":{"title":"Quis Sommes Nous - INDUSALL - Maintenance Solutions","robots":{"index":"index","follow":"follow","max-snippet":"max-snippet:-1","max-image-preview":"max-image-preview:large","max-video-preview":"max-video-preview:-1"},"canonical":"https:\/\/indusall.be\/index.php\/qui\/","og_locale":"fr_FR","og_type":"article","og_title":"Quis Sommes Nous - INDUSALL - Maintenance Solutions","og_description":"[vc_row][vc_column][\/vc_column][\/vc_row][vc_row][vc_column offset=\u00a0\u00bbvc_col-lg-4 vc_col-md-12&Prime;][vc_single_image image=\u00a0\u00bb3850&Prime; img_size=\u00a0\u00bb370&#215;360&Prime;][\/vc_column][vc_column offset=\u00a0\u00bbvc_col-lg-4 vc_col-md-12&Prime;][vc_custom_heading text=\u00a0\u00bbQui sommes-nous ?\u00a0\u00bb font_container=\u00a0\u00bbtag:h2|font_size:20|text_align:left\u00a0\u00bb use_theme_fonts=\u00a0\u00bbyes\u00a0\u00bb el_class=\u00a0\u00bbfw-medium\u00a0\u00bb css=\u00a0\u00bb.vc_custom_1734635654515{margin-top: 0px !important;margin-bottom: 0px !important;}\u00a0\u00bb][vc_column_text]Chez INDUSALL, nous sommes d\u00e9di\u00e9s \u00e0 accompagner les entreprises industrielles dans leur qu\u00eate d\u2019excellence gr\u00e2ce \u00e0 des solutions personnalis\u00e9es en maintenance, des services de conseil strat\u00e9giques et des programmes de formation complets. Fond\u00e9e par un expert dot\u00e9 de [&hellip;]","og_url":"https:\/\/indusall.be\/index.php\/qui\/","og_site_name":"INDUSALL - Maintenance Solutions","article_publisher":"https:\/\/www.facebook.com\/IndusallBE\/","article_modified_time":"2024-12-19T19:58:07+00:00","og_image":[{"width":475,"height":160,"url":"https:\/\/indusall.be\/wp-content\/uploads\/2024\/03\/logo.png","type":"image\/png"}],"twitter_card":"summary_large_image","twitter_misc":{"Dur\u00e9e de lecture estim\u00e9e":"3 minutes"},"schema":{"@context":"https:\/\/schema.org","@graph":[{"@type":"WebPage","@id":"https:\/\/indusall.be\/index.php\/qui\/","url":"https:\/\/indusall.be\/index.php\/qui\/","name":"Quis Sommes Nous - INDUSALL - Maintenance Solutions","isPartOf":{"@id":"https:\/\/indusall.be\/#website"},"datePublished":"2024-12-19T19:10:45+00:00","dateModified":"2024-12-19T19:58:07+00:00","breadcrumb":{"@id":"https:\/\/indusall.be\/index.php\/qui\/#breadcrumb"},"inLanguage":"fr-FR","potentialAction":[{"@type":"ReadAction","target":["https:\/\/indusall.be\/index.php\/qui\/"]}]},{"@type":"BreadcrumbList","@id":"https:\/\/indusall.be\/index.php\/qui\/#breadcrumb","itemListElement":[{"@type":"ListItem","position":1,"name":"Accueil","item":"https:\/\/indusall.be\/"},{"@type":"ListItem","position":2,"name":"Quis Sommes Nous"}]},{"@type":"WebSite","@id":"https:\/\/indusall.be\/#website","url":"https:\/\/indusall.be\/","name":"INDUSALL - Maintenance Solutions","description":"Maintenance Excellence","publisher":{"@id":"https:\/\/indusall.be\/#organization"},"alternateName":"Indusall - Consultance de Miantenance","potentialAction":[{"@type":"SearchAction","target":{"@type":"EntryPoint","urlTemplate":"https:\/\/indusall.be\/?s={search_term_string}"},"query-input":"required name=search_term_string"}],"inLanguage":"fr-FR"},{"@type":"Organization","@id":"https:\/\/indusall.be\/#organization","name":"INDUSALL - Maintenance Solutions","url":"https:\/\/indusall.be\/","logo":{"@type":"ImageObject","inLanguage":"fr-FR","@id":"https:\/\/indusall.be\/#\/schema\/logo\/image\/","url":"https:\/\/indusall.be\/wp-content\/uploads\/2024\/03\/logo-indusall.png","contentUrl":"https:\/\/indusall.be\/wp-content\/uploads\/2024\/03\/logo-indusall.png","width":475,"height":160,"caption":"INDUSALL - Maintenance Solutions"},"image":{"@id":"https:\/\/indusall.be\/#\/schema\/logo\/image\/"},"sameAs":["https:\/\/www.facebook.com\/IndusallBE\/"]}]}},"_links":{"self":[{"href":"https:\/\/indusall.be\/index.php\/wp-json\/wp\/v2\/pages\/4152"}],"collection":[{"href":"https:\/\/indusall.be\/index.php\/wp-json\/wp\/v2\/pages"}],"about":[{"href":"https:\/\/indusall.be\/index.php\/wp-json\/wp\/v2\/types\/page"}],"author":[{"embeddable":true,"href":"https:\/\/indusall.be\/index.php\/wp-json\/wp\/v2\/users\/1"}],"replies":[{"embeddable":true,"href":"https:\/\/indusall.be\/index.php\/wp-json\/wp\/v2\/comments?post=4152"}],"version-history":[{"count":30,"href":"https:\/\/indusall.be\/index.php\/wp-json\/wp\/v2\/pages\/4152\/revisions"}],"predecessor-version":[{"id":4155,"href":"https:\/\/indusall.be\/index.php\/wp-json\/wp\/v2\/pages\/4152\/revisions\/4155"}],"wp:attachment":[{"href":"https:\/\/indusall.be\/index.php\/wp-json\/wp\/v2\/media?parent=4152"}],"curies":[{"name":"wp","href":"https:\/\/api.w.org\/{rel}","templated":true}]}}