{"id":4184,"date":"2024-12-19T21:12:53","date_gmt":"2024-12-19T20:12:53","guid":{"rendered":"https:\/\/indusall.be\/?page_id=4184"},"modified":"2024-12-19T21:44:38","modified_gmt":"2024-12-19T20:44:38","slug":"faq","status":"publish","type":"page","link":"https:\/\/indusall.be\/index.php\/faq\/","title":{"rendered":"FAQ"},"content":{"rendered":"<div class=\"wpb-content-wrapper\"><p>[vc_row][vc_column]<div class=\"mf-empty-space \" style=\"\"><div class=\"mf_empty_space_lg\"  style=\"height: 80px\"><\/div><div class=\"mf_empty_space_md\"  style=\"height: 80px\"><\/div><div class=\"mf_empty_space_xs\"  style=\"height: 80px\"><\/div><\/div>[vc_tta_accordion style=\u00a0\u00bbflat\u00a0\u00bb shape=\u00a0\u00bbsquare\u00a0\u00bb color=\u00a0\u00bbwhite\u00a0\u00bb c_icon=\u00a0\u00bbchevron\u00a0\u00bb active_section=\u00a0\u00bb2&Prime;][vc_tta_section title=\u00a0\u00bbQuels types d\u2019entreprises peuvent b\u00e9n\u00e9ficier de vos services ?\u00a0\u00bb tab_id=\u00a0\u00bb1508553760073-e4a646e8-5e35&Prime;][vc_column_text]Nos services s&rsquo;adressent \u00e0 toutes les entreprises industrielles, quel que soit leur secteur d&rsquo;activit\u00e9 : automobile, pharmaceutique, industrie manufacturi\u00e8re, ou autres. Que vous soyez une PME ou une multinationale, nous adaptons nos solutions \u00e0 vos besoins.[\/vc_column_text][\/vc_tta_section][vc_tta_section title=\u00a0\u00bbProposez-vous des formations personnalis\u00e9es pour SAP PM ?\u00a0\u00bb tab_id=\u00a0\u00bb1508553760098-ef923547-a495&Prime;][vc_column_text]Oui, nous proposons des formations enti\u00e8rement personnalis\u00e9es pour le module SAP Plant Maintenance (PM). Nous pouvons adapter le contenu en fonction du niveau de vos \u00e9quipes et de vos besoins sp\u00e9cifiques en maintenance.[\/vc_column_text][\/vc_tta_section][vc_tta_section title=\u00a0\u00bbComment se d\u00e9roule un diagnostic des processus de maintenance ?\u00a0\u00bb tab_id=\u00a0\u00bb1508553809094-e5e4b428-4e80&Prime;][vc_column_text]Le diagnostic d\u00e9bute par une analyse approfondie de vos pratiques actuelles, de vos \u00e9quipements et de vos ressources. Nous identifions les points faibles, les inefficacit\u00e9s, et \u00e9laborons un rapport d\u00e9taill\u00e9 avec des recommandations d\u2019am\u00e9lioration.[\/vc_column_text][\/vc_tta_section][vc_tta_section title=\u00a0\u00bbQuels avantages apportez-vous par rapport \u00e0 d&rsquo;autres consultants ?\u00a0\u00bb tab_id=\u00a0\u00bb1508553808940-4869bce8-4879&Prime;][vc_column_text]Nous poss\u00e9dons une <strong>exp\u00e9rience \u00e9prouv\u00e9e dans plusieurs secteurs d&rsquo;activit\u00e9 \u00e0 l&rsquo;\u00e9chelle mondiale<\/strong>, avec des interventions en Europe, au Japon, et en Cor\u00e9e. Notre expertise couvre des industries vari\u00e9es, ce qui nous permet d&rsquo;apporter des solutions adapt\u00e9es \u00e0 chaque contexte.<\/p>\n<p>En outre, nous nous engageons sur des <strong>objectifs clairs et des r\u00e9sultats mesurables<\/strong>, en veillant \u00e0 optimiser vos performances et \u00e0 garantir des am\u00e9liorations concr\u00e8tes et durables. Notre approche unique combine comp\u00e9tences techniques, vision strat\u00e9gique et standardisation pour transformer vos op\u00e9rations et r\u00e9pondre \u00e0 vos besoins sp\u00e9cifiques.[\/vc_column_text][\/vc_tta_section][vc_tta_section title=\u00a0\u00bbAvez-vous une exp\u00e9rience dans la pr\u00e9paration aux audits industriels ?\u00a0\u00bb tab_id=\u00a0\u00bb1508553801692-05a74cd3-9fc6&Prime;][vc_column_text]Oui, nous avons pr\u00e9par\u00e9 avec succ\u00e8s plusieurs entreprises \u00e0 des audits industriels en Europe et au Japon. Nous identifions les \u00e9carts, proposons des plans d&rsquo;action et formons vos \u00e9quipes pour r\u00e9pondre aux exigences des auditeurs.[\/vc_column_text][\/vc_tta_section][vc_tta_section title=\u00a0\u00bbQuels types de coaching proposez-vous pour les futurs managers ?\u00a0\u00bb tab_id=\u00a0\u00bb1734640529902-b06f2957-365f\u00a0\u00bb][vc_column_text]Nous offrons des sessions de coaching pour d\u00e9velopper les comp\u00e9tences en leadership, gestion d&rsquo;\u00e9quipe, prise de d\u00e9cision strat\u00e9gique et ma\u00eetrise des outils de maintenance. Ces sessions sont adapt\u00e9es aux besoins des managers en devenir.[\/vc_column_text][\/vc_tta_section][vc_tta_section title=\u00a0\u00bbIntervenez-vous uniquement en pr\u00e9sentiel ou proposez-vous des services \u00e0 distance ?\u00a0\u00bb tab_id=\u00a0\u00bb1734640529435-44fda69d-6bca\u00a0\u00bb][vc_column_text]Nous proposons des services en pr\u00e9sentiel et \u00e0 distance. Les formations SAP PM et certaines consultations peuvent \u00eatre r\u00e9alis\u00e9es en visioconf\u00e9rence, selon vos pr\u00e9f\u00e9rences.[\/vc_column_text][\/vc_tta_section][vc_tta_section title=\u00a0\u00bbQuels sont les r\u00e9sultats que vous pouvez garantir ?\u00a0\u00bb tab_id=\u00a0\u00bb1734640529008-4c1b9eaa-df91&Prime;][vc_column_text]Bien que chaque projet soit unique, nous visons toujours \u00e0 am\u00e9liorer la disponibilit\u00e9 des \u00e9quipements, r\u00e9duire les temps d&rsquo;arr\u00eat, diminuer les co\u00fbts de maintenance et am\u00e9liorer la comp\u00e9tence de vos \u00e9quipes. Les r\u00e9sultats sp\u00e9cifiques sont \u00e9tablis dans le cadre d&rsquo;objectifs d\u00e9finis ensemble.[\/vc_column_text][\/vc_tta_section][vc_tta_section title=\u00a0\u00bbCombien de temps dure une intervention typique ?\u00a0\u00bb tab_id=\u00a0\u00bb1734640528403-4102d913-f61e\u00a0\u00bb][vc_column_text]La dur\u00e9e d\u00e9pend du type d\u2019intervention :<\/p>\n<ul>\n<li><strong>Diagnostic et audit :<\/strong> 1 \u00e0 2 semaines en moyenne.<\/li>\n<li><strong>Formation ou coaching :<\/strong> Entre 1 jour et plusieurs semaines, selon vos besoins.<\/li>\n<li><strong>Projets d\u2019industrialisation :<\/strong> Variable selon la complexit\u00e9 du projet.<\/li>\n<\/ul>\n<p>[\/vc_column_text][\/vc_tta_section][vc_tta_section title=\u00a0\u00bbComment pouvons-nous obtenir un devis ?\u00a0\u00bb tab_id=\u00a0\u00bb1734640925357-f43195dc-0e63&Prime;][vc_column_text]Vous pouvez nous contacter via le formulaire de contact, par email ou par t\u00e9l\u00e9phone. Nous serons ravis de discuter de vos besoins et de vous fournir un devis personnalis\u00e9 dans les plus brefs d\u00e9lais.[\/vc_column_text][\/vc_tta_section][\/vc_tta_accordion]<div class=\"mf-empty-space \" style=\"\"><div class=\"mf_empty_space_lg\"  style=\"height: 80px\"><\/div><div class=\"mf_empty_space_md\"  style=\"height: 80px\"><\/div><div class=\"mf_empty_space_xs\"  style=\"height: 80px\"><\/div><\/div>[\/vc_column][\/vc_row][vc_row css=\u00a0\u00bb.vc_custom_1508556113814{background-color: #f2f2f2 !important;}\u00a0\u00bb][vc_column]<div class=\"mf-empty-space \" style=\"\"><div class=\"mf_empty_space_lg\"  style=\"height: 80px\"><\/div><div class=\"mf_empty_space_md\"  style=\"height: 80px\"><\/div><div class=\"mf_empty_space_xs\"  style=\"height: 80px\"><\/div><\/div><div class=\"mf-section-title text-center dark large-size \"><h2 >Posez vos questions<\/h2><\/div><div class=\"mf-empty-space \" style=\"\"><div class=\"mf_empty_space_lg\"  style=\"height: 50px\"><\/div><div class=\"mf_empty_space_md\"  style=\"height: 50px\"><\/div><div class=\"mf_empty_space_xs\"  style=\"height: 50px\"><\/div><\/div><div class=\"mf-contact-form-7 form-light \" style=\"\">\n<div class=\"wpcf7 no-js\" id=\"wpcf7-f4018-o1\" lang=\"en-US\" dir=\"ltr\">\n<div class=\"screen-reader-response\"><p role=\"status\" aria-live=\"polite\" aria-atomic=\"true\"><\/p> <ul><\/ul><\/div>\n<form action=\"\/index.php\/wp-json\/wp\/v2\/pages\/4184#wpcf7-f4018-o1\" method=\"post\" class=\"wpcf7-form init\" aria-label=\"Contact form\" novalidate=\"novalidate\" data-status=\"init\">\n<div style=\"display: none;\">\n<input type=\"hidden\" name=\"_wpcf7\" value=\"4018\" \/>\n<input type=\"hidden\" name=\"_wpcf7_version\" value=\"5.9.6\" \/>\n<input type=\"hidden\" name=\"_wpcf7_locale\" value=\"en_US\" \/>\n<input type=\"hidden\" name=\"_wpcf7_unit_tag\" value=\"wpcf7-f4018-o1\" \/>\n<input type=\"hidden\" name=\"_wpcf7_container_post\" value=\"0\" \/>\n<input type=\"hidden\" name=\"_wpcf7_posted_data_hash\" value=\"\" \/>\n<\/div>\n<div class=\"mf-form mf-form-5\">\n\t<h4 style=\"margin-top: 0;\">Ecrivez votre message\n\t<\/h4>\n\t<p><span class=\"wpcf7-form-control-wrap\" data-name=\"menu-67\"><select class=\"wpcf7-form-control wpcf7-select\" aria-invalid=\"false\" name=\"menu-67\"><option value=\"Choisissez\">Choisissez<\/option><option value=\"Demande d&#039;information\">Demande d&#039;information<\/option><option value=\"Demande de contact\">Demande de contact<\/option><\/select><\/span>\n\t<\/p>\n\t<p><span class=\"wpcf7-form-control-wrap\" data-name=\"your-name\"><input size=\"40\" maxlength=\"80\" class=\"wpcf7-form-control wpcf7-text wpcf7-validates-as-required\" aria-required=\"true\" aria-invalid=\"false\" placeholder=\"Votre nom\" value=\"\" type=\"text\" name=\"your-name\" \/><\/span>\n\t<\/p>\n\t<p><span class=\"wpcf7-form-control-wrap\" data-name=\"your-email\"><input size=\"40\" maxlength=\"80\" class=\"wpcf7-form-control wpcf7-email wpcf7-validates-as-required wpcf7-text wpcf7-validates-as-email\" aria-required=\"true\" aria-invalid=\"false\" placeholder=\"Addresse Email\" value=\"\" type=\"email\" name=\"your-email\" \/><\/span>\n\t<\/p>\n\t<p><span class=\"wpcf7-form-control-wrap\" data-name=\"message\"><textarea cols=\"40\" rows=\"10\" maxlength=\"400\" class=\"wpcf7-form-control wpcf7-textarea\" aria-invalid=\"false\" placeholder=\"Votre Message\" name=\"message\"><\/textarea><\/span>\n\t<\/p>\n\t<p><input class=\"wpcf7-form-control wpcf7-submit has-spinner\" type=\"submit\" value=\"Envoyer\" \/>\n\t<\/p>\n<\/div><div class=\"wpcf7-response-output\" aria-hidden=\"true\"><\/div>\n<\/form>\n<\/div>\n<\/div><div class=\"mf-empty-space \" style=\"\"><div class=\"mf_empty_space_lg\"  style=\"height: 80px\"><\/div><div class=\"mf_empty_space_md\"  style=\"height: 80px\"><\/div><div class=\"mf_empty_space_xs\"  style=\"height: 80px\"><\/div><\/div>[\/vc_column][\/vc_row]<\/p>\n<\/div>","protected":false},"excerpt":{"rendered":"<p>[vc_row][vc_column][vc_tta_accordion style=\u00a0\u00bbflat\u00a0\u00bb shape=\u00a0\u00bbsquare\u00a0\u00bb color=\u00a0\u00bbwhite\u00a0\u00bb c_icon=\u00a0\u00bbchevron\u00a0\u00bb active_section=\u00a0\u00bb2&Prime;][vc_tta_section title=\u00a0\u00bbQuels types d\u2019entreprises peuvent b\u00e9n\u00e9ficier de vos services ?\u00a0\u00bb tab_id=\u00a0\u00bb1508553760073-e4a646e8-5e35&Prime;][vc_column_text]Nos services s&rsquo;adressent \u00e0 toutes les entreprises industrielles, quel que soit leur secteur d&rsquo;activit\u00e9 : automobile, pharmaceutique, industrie manufacturi\u00e8re, ou autres. Que vous soyez une PME ou une multinationale, nous adaptons nos solutions \u00e0 vos besoins.[\/vc_column_text][\/vc_tta_section][vc_tta_section title=\u00a0\u00bbProposez-vous des formations personnalis\u00e9es [&hellip;]<\/p>\n","protected":false},"author":1,"featured_media":0,"parent":0,"menu_order":0,"comment_status":"closed","ping_status":"closed","template":"template-fullwidth.php","meta":{"footnotes":""},"yoast_head":"<!-- This site is optimized with the Yoast SEO plugin v23.0 - https:\/\/yoast.com\/wordpress\/plugins\/seo\/ -->\n<title>FAQ - INDUSALL - Maintenance Solutions<\/title>\n<meta name=\"robots\" content=\"index, follow, max-snippet:-1, max-image-preview:large, max-video-preview:-1\" \/>\n<link rel=\"canonical\" href=\"https:\/\/indusall.be\/index.php\/faq\/\" \/>\n<meta property=\"og:locale\" content=\"fr_FR\" \/>\n<meta property=\"og:type\" content=\"article\" \/>\n<meta property=\"og:title\" content=\"FAQ - INDUSALL - Maintenance Solutions\" \/>\n<meta property=\"og:description\" content=\"[vc_row][vc_column][vc_tta_accordion style=\u00a0\u00bbflat\u00a0\u00bb shape=\u00a0\u00bbsquare\u00a0\u00bb color=\u00a0\u00bbwhite\u00a0\u00bb c_icon=\u00a0\u00bbchevron\u00a0\u00bb active_section=\u00a0\u00bb2&Prime;][vc_tta_section title=\u00a0\u00bbQuels types d\u2019entreprises peuvent b\u00e9n\u00e9ficier de vos services ?\u00a0\u00bb tab_id=\u00a0\u00bb1508553760073-e4a646e8-5e35&Prime;][vc_column_text]Nos services s&rsquo;adressent \u00e0 toutes les entreprises industrielles, quel que soit leur secteur d&rsquo;activit\u00e9 : automobile, pharmaceutique, industrie manufacturi\u00e8re, ou autres. Que vous soyez une PME ou une multinationale, nous adaptons nos solutions \u00e0 vos besoins.[\/vc_column_text][\/vc_tta_section][vc_tta_section title=\u00a0\u00bbProposez-vous des formations personnalis\u00e9es [&hellip;]\" \/>\n<meta property=\"og:url\" content=\"https:\/\/indusall.be\/index.php\/faq\/\" \/>\n<meta property=\"og:site_name\" content=\"INDUSALL - Maintenance Solutions\" \/>\n<meta property=\"article:publisher\" content=\"https:\/\/www.facebook.com\/IndusallBE\/\" \/>\n<meta property=\"article:modified_time\" content=\"2024-12-19T20:44:38+00:00\" \/>\n<meta property=\"og:image\" content=\"https:\/\/indusall.be\/wp-content\/uploads\/2024\/03\/logo.png\" \/>\n\t<meta property=\"og:image:width\" content=\"475\" \/>\n\t<meta property=\"og:image:height\" content=\"160\" \/>\n\t<meta property=\"og:image:type\" content=\"image\/png\" \/>\n<meta name=\"twitter:card\" content=\"summary_large_image\" \/>\n<meta name=\"twitter:label1\" content=\"Dur\u00e9e de lecture estim\u00e9e\" \/>\n\t<meta name=\"twitter:data1\" content=\"3 minutes\" \/>\n<script type=\"application\/ld+json\" class=\"yoast-schema-graph\">{\"@context\":\"https:\/\/schema.org\",\"@graph\":[{\"@type\":\"WebPage\",\"@id\":\"https:\/\/indusall.be\/index.php\/faq\/\",\"url\":\"https:\/\/indusall.be\/index.php\/faq\/\",\"name\":\"FAQ - INDUSALL - Maintenance Solutions\",\"isPartOf\":{\"@id\":\"https:\/\/indusall.be\/#website\"},\"datePublished\":\"2024-12-19T20:12:53+00:00\",\"dateModified\":\"2024-12-19T20:44:38+00:00\",\"breadcrumb\":{\"@id\":\"https:\/\/indusall.be\/index.php\/faq\/#breadcrumb\"},\"inLanguage\":\"fr-FR\",\"potentialAction\":[{\"@type\":\"ReadAction\",\"target\":[\"https:\/\/indusall.be\/index.php\/faq\/\"]}]},{\"@type\":\"BreadcrumbList\",\"@id\":\"https:\/\/indusall.be\/index.php\/faq\/#breadcrumb\",\"itemListElement\":[{\"@type\":\"ListItem\",\"position\":1,\"name\":\"Accueil\",\"item\":\"https:\/\/indusall.be\/\"},{\"@type\":\"ListItem\",\"position\":2,\"name\":\"FAQ\"}]},{\"@type\":\"WebSite\",\"@id\":\"https:\/\/indusall.be\/#website\",\"url\":\"https:\/\/indusall.be\/\",\"name\":\"INDUSALL - Maintenance Solutions\",\"description\":\"Maintenance Excellence\",\"publisher\":{\"@id\":\"https:\/\/indusall.be\/#organization\"},\"alternateName\":\"Indusall - Consultance de Miantenance\",\"potentialAction\":[{\"@type\":\"SearchAction\",\"target\":{\"@type\":\"EntryPoint\",\"urlTemplate\":\"https:\/\/indusall.be\/?s={search_term_string}\"},\"query-input\":\"required name=search_term_string\"}],\"inLanguage\":\"fr-FR\"},{\"@type\":\"Organization\",\"@id\":\"https:\/\/indusall.be\/#organization\",\"name\":\"INDUSALL - Maintenance Solutions\",\"url\":\"https:\/\/indusall.be\/\",\"logo\":{\"@type\":\"ImageObject\",\"inLanguage\":\"fr-FR\",\"@id\":\"https:\/\/indusall.be\/#\/schema\/logo\/image\/\",\"url\":\"https:\/\/indusall.be\/wp-content\/uploads\/2024\/03\/logo-indusall.png\",\"contentUrl\":\"https:\/\/indusall.be\/wp-content\/uploads\/2024\/03\/logo-indusall.png\",\"width\":475,\"height\":160,\"caption\":\"INDUSALL - Maintenance Solutions\"},\"image\":{\"@id\":\"https:\/\/indusall.be\/#\/schema\/logo\/image\/\"},\"sameAs\":[\"https:\/\/www.facebook.com\/IndusallBE\/\"]}]}<\/script>\n<!-- \/ Yoast SEO plugin. -->","yoast_head_json":{"title":"FAQ - INDUSALL - Maintenance Solutions","robots":{"index":"index","follow":"follow","max-snippet":"max-snippet:-1","max-image-preview":"max-image-preview:large","max-video-preview":"max-video-preview:-1"},"canonical":"https:\/\/indusall.be\/index.php\/faq\/","og_locale":"fr_FR","og_type":"article","og_title":"FAQ - INDUSALL - Maintenance Solutions","og_description":"[vc_row][vc_column][vc_tta_accordion style=\u00a0\u00bbflat\u00a0\u00bb shape=\u00a0\u00bbsquare\u00a0\u00bb color=\u00a0\u00bbwhite\u00a0\u00bb c_icon=\u00a0\u00bbchevron\u00a0\u00bb active_section=\u00a0\u00bb2&Prime;][vc_tta_section title=\u00a0\u00bbQuels types d\u2019entreprises peuvent b\u00e9n\u00e9ficier de vos services ?\u00a0\u00bb tab_id=\u00a0\u00bb1508553760073-e4a646e8-5e35&Prime;][vc_column_text]Nos services s&rsquo;adressent \u00e0 toutes les entreprises industrielles, quel que soit leur secteur d&rsquo;activit\u00e9 : automobile, pharmaceutique, industrie manufacturi\u00e8re, ou autres. Que vous soyez une PME ou une multinationale, nous adaptons nos solutions \u00e0 vos besoins.[\/vc_column_text][\/vc_tta_section][vc_tta_section title=\u00a0\u00bbProposez-vous des formations personnalis\u00e9es [&hellip;]","og_url":"https:\/\/indusall.be\/index.php\/faq\/","og_site_name":"INDUSALL - Maintenance Solutions","article_publisher":"https:\/\/www.facebook.com\/IndusallBE\/","article_modified_time":"2024-12-19T20:44:38+00:00","og_image":[{"width":475,"height":160,"url":"https:\/\/indusall.be\/wp-content\/uploads\/2024\/03\/logo.png","type":"image\/png"}],"twitter_card":"summary_large_image","twitter_misc":{"Dur\u00e9e de lecture estim\u00e9e":"3 minutes"},"schema":{"@context":"https:\/\/schema.org","@graph":[{"@type":"WebPage","@id":"https:\/\/indusall.be\/index.php\/faq\/","url":"https:\/\/indusall.be\/index.php\/faq\/","name":"FAQ - INDUSALL - Maintenance Solutions","isPartOf":{"@id":"https:\/\/indusall.be\/#website"},"datePublished":"2024-12-19T20:12:53+00:00","dateModified":"2024-12-19T20:44:38+00:00","breadcrumb":{"@id":"https:\/\/indusall.be\/index.php\/faq\/#breadcrumb"},"inLanguage":"fr-FR","potentialAction":[{"@type":"ReadAction","target":["https:\/\/indusall.be\/index.php\/faq\/"]}]},{"@type":"BreadcrumbList","@id":"https:\/\/indusall.be\/index.php\/faq\/#breadcrumb","itemListElement":[{"@type":"ListItem","position":1,"name":"Accueil","item":"https:\/\/indusall.be\/"},{"@type":"ListItem","position":2,"name":"FAQ"}]},{"@type":"WebSite","@id":"https:\/\/indusall.be\/#website","url":"https:\/\/indusall.be\/","name":"INDUSALL - Maintenance Solutions","description":"Maintenance Excellence","publisher":{"@id":"https:\/\/indusall.be\/#organization"},"alternateName":"Indusall - Consultance de Miantenance","potentialAction":[{"@type":"SearchAction","target":{"@type":"EntryPoint","urlTemplate":"https:\/\/indusall.be\/?s={search_term_string}"},"query-input":"required name=search_term_string"}],"inLanguage":"fr-FR"},{"@type":"Organization","@id":"https:\/\/indusall.be\/#organization","name":"INDUSALL - Maintenance Solutions","url":"https:\/\/indusall.be\/","logo":{"@type":"ImageObject","inLanguage":"fr-FR","@id":"https:\/\/indusall.be\/#\/schema\/logo\/image\/","url":"https:\/\/indusall.be\/wp-content\/uploads\/2024\/03\/logo-indusall.png","contentUrl":"https:\/\/indusall.be\/wp-content\/uploads\/2024\/03\/logo-indusall.png","width":475,"height":160,"caption":"INDUSALL - Maintenance Solutions"},"image":{"@id":"https:\/\/indusall.be\/#\/schema\/logo\/image\/"},"sameAs":["https:\/\/www.facebook.com\/IndusallBE\/"]}]}},"_links":{"self":[{"href":"https:\/\/indusall.be\/index.php\/wp-json\/wp\/v2\/pages\/4184"}],"collection":[{"href":"https:\/\/indusall.be\/index.php\/wp-json\/wp\/v2\/pages"}],"about":[{"href":"https:\/\/indusall.be\/index.php\/wp-json\/wp\/v2\/types\/page"}],"author":[{"embeddable":true,"href":"https:\/\/indusall.be\/index.php\/wp-json\/wp\/v2\/users\/1"}],"replies":[{"embeddable":true,"href":"https:\/\/indusall.be\/index.php\/wp-json\/wp\/v2\/comments?post=4184"}],"version-history":[{"count":14,"href":"https:\/\/indusall.be\/index.php\/wp-json\/wp\/v2\/pages\/4184\/revisions"}],"predecessor-version":[{"id":4199,"href":"https:\/\/indusall.be\/index.php\/wp-json\/wp\/v2\/pages\/4184\/revisions\/4199"}],"wp:attachment":[{"href":"https:\/\/indusall.be\/index.php\/wp-json\/wp\/v2\/media?parent=4184"}],"curies":[{"name":"wp","href":"https:\/\/api.w.org\/{rel}","templated":true}]}}